{"id":1074,"date":"2024-02-22T19:42:53","date_gmt":"2024-02-22T18:42:53","guid":{"rendered":"https:\/\/www.bayernrockt-kaninchenhilfe.de\/wordpress\/?page_id=1074"},"modified":"2024-03-10T12:33:41","modified_gmt":"2024-03-10T11:33:41","slug":"mitgliedsantrag","status":"publish","type":"page","link":"https:\/\/bayernrockt-kaninchenhilfe.de\/wordpress\/mitgliedsantrag\/","title":{"rendered":"Mitglied werden"},"content":{"rendered":"\n<p>Wir w\u00fcrden uns sehr freuen, wenn du uns l\u00e4ngerfristig unterst\u00fctzen w\u00fcrdest.<br>Mit einer Mitgliedschaft erreichst du genau das. Ein monatlicher oder j\u00e4hrlicher Mitgliedsbeitrag erm\u00f6glicht uns die gesundheitliche Versorgung unserer Kaninchen. Das sind Impfungen, EC-Tests, Zahnkorrekturen, Checks, notwendige Medikamente, aber auch Kastrationen, sowie unumg\u00e4ngliche Operationen.&nbsp;<\/p>\n\n\n\n<p>Die t\u00e4gliche Versorgung der Kaninchen in den Pflegestellen geh\u00f6rt da nicht dazu, denn die \u00fcbernehmen die Pflegestellen ehrenamtlich selbst.<\/p>\n\n\n\n<p>Als F\u00f6rdermitglied unterst\u00fctzt du uns ausschlie\u00dflich finanziell, als passives Mitglied interessierst du dich auch f\u00fcr die internen Belange des Vereins, und als aktives Mitglied erkl\u00e4rst du dich bereit, bei Notf\u00e4llen zu helfen und uns bei Gelegenheit zu unterst\u00fctzen. Alle Mitglieder werden zur j\u00e4hrlichen Versammlung eingeladen. Au\u00dferdem gibt es die M\u00f6glichkeit, uns bei einem Stammtisch pers\u00f6nlich kennenzulernen.<\/p>\n\n\n\n<p>Der Mitgliedsbeitrag kann selbst bestimmt werden, muss aber mindestens 20 Euro im Jahr betragen. Alle weiteren Informationen entnimmst du bitte dem Formular\u00a0unten.<\/p>\n\n\n\n<p>Wenn du deine Daten nicht online eingeben willst, kannst du dir den\u00a0<a href=\"https:\/\/www.bayernrockt-kaninchenhilfe.de\/Mitgliedsantrag.pdf\">Mitgliedsantrag<\/a>\u00a0auch als PDF herunterladen und an <a href=\"https:\/\/www.bayernrockt-kaninchenhilfe.de\/wordpress\/kontakt\/#Postanschrift\" data-type=\"page\" data-id=\"6\">uns<\/a> schicken!<\/p>\n\n\n<p><iframe\nsrc=\"https:\/\/bayrockt.webling.eu\/forms\/memberform\/92bf7c559b4d2d6ca973\"\nframeborder=\"0\"\nstyle=\"overflow: hidden; min-height: 600px; width: 100%\"\nheight=\"100%\"\nwidth=\"100%\"\n><\/iframe><\/p>","protected":false},"excerpt":{"rendered":"<p>Wir w\u00fcrden uns sehr freuen, wenn du uns l\u00e4ngerfristig unterst\u00fctzen w\u00fcrdest.Mit einer Mitgliedschaft erreichst du genau das. Ein monatlicher oder j\u00e4hrlicher Mitgliedsbeitrag erm\u00f6glicht uns die gesundheitliche Versorgung unserer Kaninchen. Das sind Impfungen, EC-Tests, Zahnkorrekturen, Checks, notwendige Medikamente, aber auch Kastrationen, sowie unumg\u00e4ngliche Operationen.&nbsp; Die t\u00e4gliche Versorgung der Kaninchen in den Pflegestellen geh\u00f6rt da nicht dazu, [&hellip;]<\/p>\n","protected":false},"author":1,"featured_media":0,"parent":0,"menu_order":0,"comment_status":"closed","ping_status":"closed","template":"","meta":{"footnotes":""},"class_list":["post-1074","page","type-page","status-publish","hentry"],"_links":{"self":[{"href":"https:\/\/bayernrockt-kaninchenhilfe.de\/wordpress\/wp-json\/wp\/v2\/pages\/1074","targetHints":{"allow":["GET"]}}],"collection":[{"href":"https:\/\/bayernrockt-kaninchenhilfe.de\/wordpress\/wp-json\/wp\/v2\/pages"}],"about":[{"href":"https:\/\/bayernrockt-kaninchenhilfe.de\/wordpress\/wp-json\/wp\/v2\/types\/page"}],"author":[{"embeddable":true,"href":"https:\/\/bayernrockt-kaninchenhilfe.de\/wordpress\/wp-json\/wp\/v2\/users\/1"}],"replies":[{"embeddable":true,"href":"https:\/\/bayernrockt-kaninchenhilfe.de\/wordpress\/wp-json\/wp\/v2\/comments?post=1074"}],"version-history":[{"count":9,"href":"https:\/\/bayernrockt-kaninchenhilfe.de\/wordpress\/wp-json\/wp\/v2\/pages\/1074\/revisions"}],"predecessor-version":[{"id":1803,"href":"https:\/\/bayernrockt-kaninchenhilfe.de\/wordpress\/wp-json\/wp\/v2\/pages\/1074\/revisions\/1803"}],"wp:attachment":[{"href":"https:\/\/bayernrockt-kaninchenhilfe.de\/wordpress\/wp-json\/wp\/v2\/media?parent=1074"}],"curies":[{"name":"wp","href":"https:\/\/api.w.org\/{rel}","templated":true}]}}