{"id":1707,"date":"2024-05-20T23:57:19","date_gmt":"2024-05-20T21:57:19","guid":{"rendered":"https:\/\/bayernrockt-kaninchenhilfe.de\/wordpress\/?page_id=1707"},"modified":"2024-05-21T23:47:17","modified_gmt":"2024-05-21T21:47:17","slug":"fliegenmaden","status":"publish","type":"page","link":"https:\/\/bayernrockt-kaninchenhilfe.de\/wordpress\/fliegenmaden\/","title":{"rendered":"Vorsicht Fliegenmaden!"},"content":{"rendered":"\n<p><strong>Thema:<\/strong> Fliegenmaden \/ Myiasis<\/p>\n\n\n\n<p>Jeden Sommer kommen sie wieder: die Fliegen.<br>Warum sind Fliegen bei uns Kaninchenhaltern eine Sorge?<br>Bestimmte Fliegenarten legen ihre Eier gerne auf unsere Kaninchen ab. Gef\u00e4hrlich sind vor allem die Schmei\u00df- und Fleischfliegenarten. Die Fliegen werden von verschiedenen Ger\u00fcchen angelockt. Gerade Kot-\/Urinverschmutzungen oder auch Wunden locken sie an. Je schmutziger die Umgebung oder das Tier selber ist, desto h\u00f6her ist das Risiko.<br>Die Eier werden meist in der Afterregion, gerade in den Hautfalten wo es angenehm warm und feucht ist, abgelegt. Es werden auch Wunden und K\u00f6rper\u00f6ffnungen zur Eiablage genommen. Da sich die Maden direkt vom Gewebe der Tiere ern\u00e4hren, haben sie es in diesen Bereichen deutlich leichter und fressen sich dort leichter ins Innere unserer Kaninchen.<br>Die Maden schl\u00fcpfen schon nach wenigen Stunden. Bei Legenot k\u00f6nnen sie sogar innerhalb von 30 Minuten schl\u00fcpfen.<br>Sie fressen sich durch die Haut in das tieferliegende Gewebe und verursachen innere Verletzungen.<br>Befallen werden meistens alte oder kranke Tiere, Tiere mit Wunden, oder die ein Kot und Urin verklebtes Fell haben.<br>\u00dcbergewicht, Gelenkerkrankungen, Durchfall, Zahnprobleme, Schmerzen und andere Erkrankungen k\u00f6nnen ein Kaninchen schw\u00e4chen und es kann oder will sich nicht mehr putzen. Auch das Immunsystem spielt eine wichtige Rolle.<\/p>\n\n\n\n<p><strong><u>Erkennen<\/u>:<\/strong><br>Erkennen kann man den Madenbefall durch winzige, wei\u00dfe Eier und die Maden selbst.<br>Betroffene Kaninchen sind apathisch, fressen wenig oder gar nicht und bewegen sich kaum. Je gr\u00f6\u00dfer die Maden und je weiter sie sich schon in das Kaninchen \u201egefressen\u201c haben, hat das Tier uns\u00e4gliche Schmerzen.<br>Oft endet es jedoch t\u00f6dlich, vor allem wenn ein Beifall nicht rechtzeitig erkannt und behandelt wird.<\/p>\n\n\n\n<p><strong><u>Kontrolle der Kaninchen<\/u>:<\/strong><br>Eine Kontrolle sollte mindestens zweimal t\u00e4glich durchgef\u00fchrt werden. Jedoch bei alten und kranken Kaninchen sollte die Kontrolle mehrmals am Tag erfolgen. Diese Kontrollen sind immens wichtig und lebensrettend. Man sollte auch nicht meinen, man braucht in der Fr\u00fch nicht zu kontrollieren, weil da keine Fliegen unterwegs sind. Der Schein tr\u00fcgt. Selbst um 7 Uhr in der Fr\u00fch kennen wir F\u00e4lle, bei denen bereits die Maden bei den Kaninchen rumgekrabbelt sind.<\/p>\n\n\n\n<p><strong><u>Behandlung<\/u>:<\/strong><br><strong><font color=\"red\">!!<\/font><\/strong> <strong>Nur eine SOFORTIGE tier\u00e4rztliche Behandlung kann das Tier retten<\/strong> <strong><font color=\"red\">!!<\/font><\/strong> Den Tierarzt bitte nach Capstar fragen, das treibt die Maden aus dem K\u00f6rper.<br>Je l\u00e4nger gewartet wird, desto weniger Chancen hat das Kaninchen!<br>Vor dem Tierarzt sollten die sichtbaren Maden abgesammelt und mit lauwarmen Wasser abgewaschen werden.<br>=&gt; sie werden von der W\u00e4rme angezogen (f\u00f6hnen nach dem Baden im warmen Wasser lockt sie raus)<br>=&gt; Maden fl\u00fcchten vor Licht und kriechen daher schnell ins Innere.<br>Zus\u00e4tzlich kann der Tierarzt mit Infusionen, Schmerzmittel und anderen Medikamenten das betroffene Kaninchen unterst\u00fctzen. Zum Teil muss das Kaninchen sogar in Narkose gelegt werden.<\/p>\n\n\n\n<p><strong><u>Vorbeugung<\/u>:<\/strong><br>Sauberkeit der Umgebung:<\/p>\n\n\n\n<ul class=\"wp-block-list\">\n<li>Toilette mindestens alle 1-2 Tage s\u00e4ubern<\/li>\n\n\n\n<li>Durchfall oder andere anlockende Sachen mehrmals t\u00e4glich entsorgen<\/li>\n\n\n\n<li>1x w\u00f6chentlich alles mit Essig reinigen<\/li>\n\n\n\n<li>EM blond hat sich bei einigen bew\u00e4hrt als Fliegen Abwehr<\/li>\n<\/ul>\n\n\n\n<p><strong><u>Fliegengitter<\/u>:<\/strong><br>Vor dem Fenster oder \u00fcber dem Gehege anbringen. So wird das Eindringen der Fliegen, die zum Kaninchen kommen, verringert.<\/p>\n\n\n<p><strong><u>Weitere Schutzma\u00dfnahmen<\/u>:<\/strong><br>Hilfreich k\u00f6nnen noch zus\u00e4tzlich Klebefallen, Fliegenfallen, oder UV-Lichtfallen sein.<\/p>\n\n\n<p><strong><u>Pflanzen<\/u>:<\/strong><br>Einige Pflanzen sollen Fliegen abschrecken, wie z.B. Lavendel, Walnu\u00dfbaum, Tomatenpflanzen oder Geranien. Allein darauf sollte man sich aber nicht verlassen.<\/p>\n\n\n<p><strong><u>Sonstige Vorsorgem\u00f6glichkeiten<\/u>:<\/strong><br>Alte und kranke Tiere kann man auch, mit der Gruppe oder seinem Partner, vorsorglich in&#8217;s Haus holen.<br>Inzwischen gibt es ein Spot on das f\u00fcr einen kurzen Zeitraum die Fliegen abhalten soll. Das ist mit dem Tierarzt abzukl\u00e4ren.<\/p>\n\n\n\n<p>Bei weiteren Fragen stehen wir gerne zur Verf\u00fcgung,<br>euer Bayern rockt-Team<\/p>\n","protected":false},"excerpt":{"rendered":"<p>Thema: Fliegenmaden \/ Myiasis Jeden Sommer kommen sie wieder: die Fliegen.Warum sind Fliegen bei uns Kaninchenhaltern eine Sorge?Bestimmte Fliegenarten legen ihre Eier gerne auf unsere Kaninchen ab. Gef\u00e4hrlich sind vor allem die Schmei\u00df- und Fleischfliegenarten. Die Fliegen werden von verschiedenen Ger\u00fcchen angelockt. Gerade Kot-\/Urinverschmutzungen oder auch Wunden locken sie an. Je schmutziger die Umgebung oder [&hellip;]<\/p>\n","protected":false},"author":1,"featured_media":0,"parent":0,"menu_order":0,"comment_status":"closed","ping_status":"closed","template":"","meta":{"footnotes":""},"class_list":["post-1707","page","type-page","status-publish","hentry"],"_links":{"self":[{"href":"https:\/\/bayernrockt-kaninchenhilfe.de\/wordpress\/wp-json\/wp\/v2\/pages\/1707","targetHints":{"allow":["GET"]}}],"collection":[{"href":"https:\/\/bayernrockt-kaninchenhilfe.de\/wordpress\/wp-json\/wp\/v2\/pages"}],"about":[{"href":"https:\/\/bayernrockt-kaninchenhilfe.de\/wordpress\/wp-json\/wp\/v2\/types\/page"}],"author":[{"embeddable":true,"href":"https:\/\/bayernrockt-kaninchenhilfe.de\/wordpress\/wp-json\/wp\/v2\/users\/1"}],"replies":[{"embeddable":true,"href":"https:\/\/bayernrockt-kaninchenhilfe.de\/wordpress\/wp-json\/wp\/v2\/comments?post=1707"}],"version-history":[{"count":3,"href":"https:\/\/bayernrockt-kaninchenhilfe.de\/wordpress\/wp-json\/wp\/v2\/pages\/1707\/revisions"}],"predecessor-version":[{"id":1725,"href":"https:\/\/bayernrockt-kaninchenhilfe.de\/wordpress\/wp-json\/wp\/v2\/pages\/1707\/revisions\/1725"}],"wp:attachment":[{"href":"https:\/\/bayernrockt-kaninchenhilfe.de\/wordpress\/wp-json\/wp\/v2\/media?parent=1707"}],"curies":[{"name":"wp","href":"https:\/\/api.w.org\/{rel}","templated":true}]}}