{"id":1844,"date":"2024-07-03T16:07:43","date_gmt":"2024-07-03T14:07:43","guid":{"rendered":"https:\/\/bayernrockt-kaninchenhilfe.de\/wordpress\/?page_id=1844"},"modified":"2025-11-12T11:20:59","modified_gmt":"2025-11-12T10:20:59","slug":"impf-patenschaft","status":"publish","type":"page","link":"https:\/\/bayernrockt-kaninchenhilfe.de\/wordpress\/impf-patenschaft\/","title":{"rendered":"Impf-Patenschaft"},"content":{"rendered":"\n<p>Unsere Kaninchen werden im Halbjahres-Rhythmus von unserem Tierarzt geimpft.<\/p>\n\n\n\n<p>Daf\u00fcr suchen wir wunderbare Paten, die uns bei den Kosten f\u00fcr die Impfungen unterst\u00fctzen. Ab 20 Euro hilfst du uns schon enorm bei unserer halbj\u00e4hrlichen Impfung. Das hei\u00dft, der Betrag wird auch nur 2 mal im Jahr f\u00e4llig.<\/p>\n\n\n\n<p>\u00dcbernehme eine symbolische Impf-Patenschaft f\u00fcr alle Tiere des Vereins gleicherma\u00dfen ODER suche dir eines oder mehrere unserer Kaninchen aus, f\u00fcr das oder die du eine Impf-Patenschaft \u00fcbernehmen m\u00f6chtest.<\/p>\n\n\n\n<p>Die Impf-Patenschaft endet automatisch wenn dein Kaninchen vermittelt wird oder verstirbt. Gek\u00fcndigt werden kann sie jederzeit per Mail an den Verein.<\/p>\n\n\n\n<p>Diese Kaninchen haben noch keinen Impfpaten:<\/p>\n\n\n\n<p>Monty, Daisy, Toni, Eddi, Mirko, Hexi, Kn\u00f6pfchen, Lea, Flocki, Woozle, Franzl, Schorschi, Cinderella, Philipp, Leon und Sky.<\/p>\n\n\n\n<p>Bitte nutze das folgende Formular wenn du Impf-Pate werden m\u00f6chtest.<\/p>\n\n\n\n<p><strong>Vielen Dank!<\/strong><\/p>\n\n\n<div class=\"webling-form \"><form action=\"?\" method=\"post\" enctype=\"multipart\/form-data\" onsubmit=\"webling_disableSubmitButton()\"><input type=\"hidden\" id=\"_wpnonce\" name=\"_wpnonce\" value=\"ac3c078a27\" \/><input type=\"hidden\" name=\"_wp_http_referer\" value=\"\/wordpress\/wp-json\/wp\/v2\/pages\/1844\" \/><input type=\"hidden\" name=\"webling-form-id\" value=\"2\"\/><input type=\"hidden\" name=\"webling-form-redirect\" value=\"https:\/\/bayernrockt-kaninchenhilfe.de\/wordpress\/impf-patenschaft\/\"\/><div class=\"webling-form__group webling-form__group--left  webling-form__group--field-Patentier\"><label for=\"webling-form-field-771\" class=\"webling-form__label\">Patentier <span class=\"webling-form__required\">*<\/span><\/label><div class=\"webling-form__field\"><input type=\"text\" name=\"webling-form-field[771]\" id=\"webling-form-field-771\" placeholder=\"bitte ausf\u00fcllen\" class=\"webling-form__input\" required><small class=\"webling-form__description\">Suche dir eines unserer Kaninchen aus ODER Alle<\/small><\/div><\/div><div class=\"webling-form__group webling-form__group--left  webling-form__group--field-Vorname\"><label for=\"webling-form-field-772\" class=\"webling-form__label\">Vorname <span class=\"webling-form__required\">*<\/span><\/label><div class=\"webling-form__field\"><input type=\"text\" name=\"webling-form-field[772]\" id=\"webling-form-field-772\" placeholder=\"bitte ausf\u00fcllen\" class=\"webling-form__input\" required><\/div><\/div><div class=\"webling-form__group webling-form__group--left  webling-form__group--field-Nachname\"><label for=\"webling-form-field-773\" class=\"webling-form__label\">Nachname <span class=\"webling-form__required\">*<\/span><\/label><div class=\"webling-form__field\"><input type=\"text\" name=\"webling-form-field[773]\" id=\"webling-form-field-773\" placeholder=\"bitte ausf\u00fcllen\" class=\"webling-form__input\" required><\/div><\/div><div class=\"webling-form__group webling-form__group--left  webling-form__group--field-StrassennameundHausnummer\"><label for=\"webling-form-field-774\" class=\"webling-form__label\">Strassenname und Hausnummer <span class=\"webling-form__required\">*<\/span><\/label><div class=\"webling-form__field\"><input type=\"text\" name=\"webling-form-field[774]\" id=\"webling-form-field-774\" placeholder=\"bitte ausf\u00fcllen\" class=\"webling-form__input\" required><\/div><\/div><div class=\"webling-form__group webling-form__group--left  webling-form__group--field-Adresszusatz\"><label for=\"webling-form-field-775\" class=\"webling-form__label\">Adresszusatz<\/label><div class=\"webling-form__field\"><input type=\"text\" name=\"webling-form-field[775]\" id=\"webling-form-field-775\" placeholder=\"\" class=\"webling-form__input\" ><\/div><\/div><div class=\"webling-form__group webling-form__group--left  webling-form__group--field-PLZ\"><label for=\"webling-form-field-776\" class=\"webling-form__label\">PLZ <span class=\"webling-form__required\">*<\/span><\/label><div class=\"webling-form__field\"><input type=\"text\" name=\"webling-form-field[776]\" id=\"webling-form-field-776\" placeholder=\"bitte ausf\u00fcllen\" class=\"webling-form__input\" required><\/div><\/div><div class=\"webling-form__group webling-form__group--left  webling-form__group--field-Ort\"><label for=\"webling-form-field-777\" class=\"webling-form__label\">Ort <span class=\"webling-form__required\">*<\/span><\/label><div class=\"webling-form__field\"><input type=\"text\" name=\"webling-form-field[777]\" id=\"webling-form-field-777\" placeholder=\"bitte ausf\u00fcllen\" class=\"webling-form__input\" required><\/div><\/div><div class=\"webling-form__group webling-form__group--left  webling-form__group--field-EMail\"><label for=\"webling-form-field-778\" class=\"webling-form__label\">E-Mail <span class=\"webling-form__required\">*<\/span><\/label><div class=\"webling-form__field\"><input type=\"email\" name=\"webling-form-field[778]\" id=\"webling-form-field-778\" placeholder=\"bitte ausf\u00fcllen\" class=\"webling-form__input\" required><\/div><\/div><div class=\"webling-form__group webling-form__group--left  webling-form__group--field-Beitrag\"><label for=\"webling-form-field-779\" class=\"webling-form__label\">Beitrag <span class=\"webling-form__required\">*<\/span><\/label><div class=\"webling-form__field\"><input type=\"number\" step=\"any\" name=\"webling-form-field[779]\" id=\"webling-form-field-779\" placeholder=\"20,00\" class=\"webling-form__input\" required><small class=\"webling-form__description\">Mindestbetrag 20 Euro halbj\u00e4hrlich<\/small><\/div><\/div><div class=\"webling-form__group webling-form__group--left  webling-form__group--field-IBANfrLastschrifteinzug\"><label for=\"webling-form-field-780\" class=\"webling-form__label\">IBAN f\u00fcr Lastschrifteinzug <span class=\"webling-form__required\">*<\/span><\/label><div class=\"webling-form__field\"><input type=\"text\" name=\"webling-form-field[780]\" id=\"webling-form-field-780\" placeholder=\"IBAN - bitte ausf\u00fcllen\" class=\"webling-form__input\" required><\/div><\/div><div class=\"webling-form__group webling-form__group--left  webling-form__group--field-BIC\"><label for=\"webling-form-field-781\" class=\"webling-form__label\">BIC <span class=\"webling-form__required\">*<\/span><\/label><div class=\"webling-form__field\"><input type=\"text\" name=\"webling-form-field[781]\" id=\"webling-form-field-781\" placeholder=\"\" class=\"webling-form__input\" required><\/div><\/div><div class=\"webling-form__group webling-form__group--left  webling-form__group--field-Kreditinstitut\"><label for=\"webling-form-field-782\" class=\"webling-form__label\">Kreditinstitut<\/label><div class=\"webling-form__field\"><input type=\"text\" name=\"webling-form-field[782]\" id=\"webling-form-field-782\" placeholder=\"\" class=\"webling-form__input\" ><\/div><\/div><div class=\"webling-form__group webling-form__group--left  webling-form__group--field-KontoinhaberwennabweichendvomAntragsteller\"><label for=\"webling-form-field-783\" class=\"webling-form__label\">Kontoinhaber wenn abweichend vom Antragsteller<\/label><div class=\"webling-form__field\"><input type=\"text\" name=\"webling-form-field[783]\" id=\"webling-form-field-783\" placeholder=\"\" class=\"webling-form__input\" ><\/div><\/div><div class=\"webling-form__group webling-form__group--top  webling-form__group--field-SEPALastschriftmandatZahlungsartwiederkehrend\"><label for=\"webling-form-field-784\" class=\"webling-form__label\">SEPA-Lastschriftmandat \u2013 Zahlungsart wiederkehrend <span class=\"webling-form__required\">*<\/span><\/label><div class=\"webling-form__field\"><span><label><input type=\"checkbox\" class=\"webling-form__checkbox\" name=\"webling-form-field[784]\" id=\"webling-form-field-784\" required>  <\/label><\/span><small class=\"webling-form__description\">Ich erm\u00e4chtige \u201eBayern rockt Kaninchenhilfe e.V., Lindenstrasse 19, 85247 Schwabhausen, Gl\u00e4ubigeridentifikationsnummer: DE67ZZZ00002163124\u201c den jeweils f\u00e4lligen Beitrag von meinem Konto mittels Lastschrifteinzug einzuziehen. Zugleich weise ich mein Kreditinstitut an, die, von \u201eBayern rockt Kaninchenhilfe e.V.\u201c, auf mein Konto gezogene Lastschriften einzul\u00f6sen. Hinweis: ich kann innerhalb von 8 Wochen, beginnend mit dem Belastungsdatum, die Erstattung des belastenden Betrages verlangen. Es gelten dabei die, mit meinem Kreditinstitut, vereinbarten Bedingungen.<\/small><\/div><\/div><div class=\"webling-form__group webling-form__group--top  webling-form__group--field-EinwilligungDatennutzung\"><label for=\"webling-form-field-785\" class=\"webling-form__label\">Einwilligung Datennutzung <span class=\"webling-form__required\">*<\/span><\/label><div class=\"webling-form__field\"><span><label><input type=\"checkbox\" class=\"webling-form__checkbox\" name=\"webling-form-field[785]\" id=\"webling-form-field-785\" required>  <\/label><\/span><small class=\"webling-form__description\">Einwilligung in die Datennutzung: Im Rahmen der Datenschutzgrundverordnung (DSGVO) speichert Bayern rockt Kaninchenhilfe e.V. meine personenbezogenen Adress- und Kontaktdaten, sowie Daten zur Durchf\u00fchrung des entstehendes Vertragsverh\u00e4ltnisses, Kommunikation und Information. Die Zustimmung kann durch schriftliche Mitteilung widerrufen werden. Mit dem Absenden des Patenvertrages stimme ich dieser Nutzung zu. Siehe auch Datenschutzerkl\u00e4rung unten auf der Seite!<\/small><\/div><\/div><input type=\"text\" id=\"webling-form-field_0\" autocomplete=\"off\" name=\"webling-form-field[0]\" value=\"\"\/><p><input type=\"submit\" value=\"Absenden\" class=\"webling-form__submit\" id=\"webling-form__submit\"><\/p><\/form><script type=\"text\/javascript\">\n\/\/ disable submit button after form was submitted to prevent multiple entries\nfunction webling_disableSubmitButton() {\n    document.getElementById(\"webling-form__submit\").disabled = true;\n}\n<\/script><\/div>\n","protected":false},"excerpt":{"rendered":"<p>Unsere Kaninchen werden im Halbjahres-Rhythmus von unserem Tierarzt geimpft. Daf\u00fcr suchen wir wunderbare Paten, die uns bei den Kosten f\u00fcr die Impfungen unterst\u00fctzen. Ab 20 Euro hilfst du uns schon enorm bei unserer halbj\u00e4hrlichen Impfung. Das hei\u00dft, der Betrag wird auch nur 2 mal im Jahr f\u00e4llig. \u00dcbernehme eine symbolische Impf-Patenschaft f\u00fcr alle Tiere des [&hellip;]<\/p>\n","protected":false},"author":1,"featured_media":0,"parent":0,"menu_order":0,"comment_status":"closed","ping_status":"closed","template":"","meta":{"footnotes":""},"class_list":["post-1844","page","type-page","status-publish","hentry"],"_links":{"self":[{"href":"https:\/\/bayernrockt-kaninchenhilfe.de\/wordpress\/wp-json\/wp\/v2\/pages\/1844","targetHints":{"allow":["GET"]}}],"collection":[{"href":"https:\/\/bayernrockt-kaninchenhilfe.de\/wordpress\/wp-json\/wp\/v2\/pages"}],"about":[{"href":"https:\/\/bayernrockt-kaninchenhilfe.de\/wordpress\/wp-json\/wp\/v2\/types\/page"}],"author":[{"embeddable":true,"href":"https:\/\/bayernrockt-kaninchenhilfe.de\/wordpress\/wp-json\/wp\/v2\/users\/1"}],"replies":[{"embeddable":true,"href":"https:\/\/bayernrockt-kaninchenhilfe.de\/wordpress\/wp-json\/wp\/v2\/comments?post=1844"}],"version-history":[{"count":11,"href":"https:\/\/bayernrockt-kaninchenhilfe.de\/wordpress\/wp-json\/wp\/v2\/pages\/1844\/revisions"}],"predecessor-version":[{"id":2961,"href":"https:\/\/bayernrockt-kaninchenhilfe.de\/wordpress\/wp-json\/wp\/v2\/pages\/1844\/revisions\/2961"}],"wp:attachment":[{"href":"https:\/\/bayernrockt-kaninchenhilfe.de\/wordpress\/wp-json\/wp\/v2\/media?parent=1844"}],"curies":[{"name":"wp","href":"https:\/\/api.w.org\/{rel}","templated":true}]}}