{"id":2,"date":"2024-02-01T16:39:18","date_gmt":"2024-02-01T15:39:18","guid":{"rendered":"https:\/\/www.bayernrockt-kaninchenhilfe.de\/wordpress\/?page_id=2"},"modified":"2025-11-25T16:11:42","modified_gmt":"2025-11-25T15:11:42","slug":"impressum","status":"publish","type":"page","link":"https:\/\/bayernrockt-kaninchenhilfe.de\/wordpress\/impressum\/","title":{"rendered":"Impressum"},"content":{"rendered":"\n<p>Bayern rockt Kaninchenhilfe e.V.<br>Postanschrift:<br>Lindenstrasse 19<br>85247 Schwabhausen<br>Telefon: 0151 17699514<br>E-Mail: mail@bayernrockt-kaninchenhilfe.de<\/p>\n\n\n\n<p>Immer 2 gemeinschaftlich vertretungsbefugt:<\/p>\n\n\n\n<p>1. Vorsitzende: Petra Thuringer<br>2. Vorsitzende: Doris Zi\u00dflsberger<br>Kassier: Helga Zettl<br>Schriftf\u00fchrer: Sabine Wolf<\/p>\n\n\n\n<p>Das Impressum gilt f\u00fcr: http:\/\/bayernrockt-kaninchenhilfe.de<\/p>\n\n\n\n<p>Registergericht: Amtsgericht M\u00fcnchen<br>Registernummer: VR 209205<\/p>\n\n\n\n<p>Gemeinn\u00fctzig anerkannt durch das Finanzamt Landshut unter der Steuer-Nr. 132\/107\/20248<\/p>\n","protected":false},"excerpt":{"rendered":"<p>Bayern rockt Kaninchenhilfe e.V.Postanschrift:Lindenstrasse 1985247 SchwabhausenTelefon: 0151 17699514E-Mail: mail@bayernrockt-kaninchenhilfe.de Immer 2 gemeinschaftlich vertretungsbefugt: 1. Vorsitzende: Petra Thuringer2. Vorsitzende: Doris Zi\u00dflsbergerKassier: Helga ZettlSchriftf\u00fchrer: Sabine Wolf Das Impressum gilt f\u00fcr: http:\/\/bayernrockt-kaninchenhilfe.de Registergericht: Amtsgericht M\u00fcnchenRegisternummer: VR 209205 Gemeinn\u00fctzig anerkannt durch das Finanzamt Landshut unter der Steuer-Nr. 132\/107\/20248<\/p>\n","protected":false},"author":1,"featured_media":0,"parent":0,"menu_order":110,"comment_status":"closed","ping_status":"closed","template":"","meta":{"footnotes":""},"class_list":["post-2","page","type-page","status-publish","hentry"],"_links":{"self":[{"href":"https:\/\/bayernrockt-kaninchenhilfe.de\/wordpress\/wp-json\/wp\/v2\/pages\/2","targetHints":{"allow":["GET"]}}],"collection":[{"href":"https:\/\/bayernrockt-kaninchenhilfe.de\/wordpress\/wp-json\/wp\/v2\/pages"}],"about":[{"href":"https:\/\/bayernrockt-kaninchenhilfe.de\/wordpress\/wp-json\/wp\/v2\/types\/page"}],"author":[{"embeddable":true,"href":"https:\/\/bayernrockt-kaninchenhilfe.de\/wordpress\/wp-json\/wp\/v2\/users\/1"}],"replies":[{"embeddable":true,"href":"https:\/\/bayernrockt-kaninchenhilfe.de\/wordpress\/wp-json\/wp\/v2\/comments?post=2"}],"version-history":[{"count":4,"href":"https:\/\/bayernrockt-kaninchenhilfe.de\/wordpress\/wp-json\/wp\/v2\/pages\/2\/revisions"}],"predecessor-version":[{"id":2991,"href":"https:\/\/bayernrockt-kaninchenhilfe.de\/wordpress\/wp-json\/wp\/v2\/pages\/2\/revisions\/2991"}],"wp:attachment":[{"href":"https:\/\/bayernrockt-kaninchenhilfe.de\/wordpress\/wp-json\/wp\/v2\/media?parent=2"}],"curies":[{"name":"wp","href":"https:\/\/api.w.org\/{rel}","templated":true}]}}