{"id":239,"date":"2024-02-11T13:17:19","date_gmt":"2024-02-11T12:17:19","guid":{"rendered":"https:\/\/www.bayernrockt-kaninchenhilfe.de\/wordpress\/?page_id=239"},"modified":"2025-08-09T18:25:57","modified_gmt":"2025-08-09T16:25:57","slug":"privatvermittlung","status":"publish","type":"page","link":"https:\/\/bayernrockt-kaninchenhilfe.de\/wordpress\/privatvermittlung\/","title":{"rendered":"Privatvermittlung"},"content":{"rendered":"\n<p>Hier findest du Kaninchen, die noch bei ihren aktuellen Besitzern leben, aber ein neues Zuhause suchen. Hier leisten wir Vermittlungshilfe. Wir stellen den <a href=\"https:\/\/bayernrockt-kaninchenhilfe.de\/wordpress\/kontaktformular\/\" data-type=\"page\" data-id=\"1174\">Kontakt<\/a> zwischen euch und den bisherigen Besitzern her. Wenn gew\u00fcnscht, helfen wir euch bei der Vergesellschaftung.<\/p>\n\n\n\n<p>Du willst umst\u00e4ndehalber dein Kaninchen zur privaten Vermittlung freigeben? Erstelle einen Eintrag auf dieser Seite mit Hilfe unseres <a href=\"https:\/\/bayernrockt-kaninchenhilfe.de\/wordpress\/zuhause-gesucht\/\" data-type=\"page\" data-id=\"2391\" target=\"_blank\" rel=\"noreferrer noopener\"><strong>Formulars zur Privatvermittlung<\/strong><\/a>.<\/p>\n\n\n\n<p>Alle Informationen zu den Tieren stammen von ihren jetzigen Besitzern, der Verein \u00fcbernimmt keine Garantie f\u00fcr deren Vollst\u00e4ndigkeit.<br>Wenn du auf ein Foto klickst, kannst du es gr\u00f6\u00dfer betrachten.<\/p>\n\n\n<div class=\"frm_grid_container with_frm_style frm-grid-view\" style=\"--v-tl-background-color: #ffffff;--v-tl-border-color: #81d742;--v-tl-border-thickness: 5px;--v-tl-border-radius: 20px;--v-tl-padding: 50px;--v-tl-grid-column:span 12\/span 12;grid-gap: 20px 0%;\"><div><div class=\"frm_grid_container frm_no_grid_750\"><div class=\"frm6\"><h2 style=\"text-align: center;\">Nico<\/h2><h4 style=\"text-align: center;\"><div class=\"frm_file_container\"><img loading=\"lazy\" decoding=\"async\" width=\"150\" height=\"150\" src=\"https:\/\/bayernrockt-kaninchenhilfe.de\/wordpress\/wp-content\/uploads\/formidable\/1\/20190607_110858-1-150x150.jpg\" class=\"attachment-thumbnail size-thumbnail\" alt=\"\" \/> <img loading=\"lazy\" decoding=\"async\" width=\"150\" height=\"150\" src=\"https:\/\/bayernrockt-kaninchenhilfe.de\/wordpress\/wp-content\/uploads\/formidable\/1\/20251203_143401-150x150.jpg\" class=\"attachment-thumbnail size-thumbnail\" alt=\"\" \/><\/div><\/h4><\/div><div class=\"frm6\"><p>\u00a0<\/p><p>Geschlecht: <strong>m\u00e4nnlich,<\/strong>\u00a0 Kastriert: <strong>Ja<\/strong><\/p><p>Geboren: <strong>8Jahre<\/strong>\u00a0<\/p><p>Gewicht: <strong>2000g<\/strong><\/p><p><strong>Impfung<\/strong> ist aktuell: <strong>Nein<\/strong>\u00a0 \u00a0<\/p><p>EC-Status: <strong>Nicht bekannt<\/strong><\/p><p>Geeignet f\u00fcr <strong>Innenhaltung<\/strong><\/p><p>Lebt im Raum <strong>86517<\/strong><\/p><\/div><\/div><div class=\"frm_grid_container frm_no_grid_750\"><div class=\"frm12\"><p><p>Nico ist ein sehr liebes Kaninchen. Man kann ihn streicheln aber er ist keine kleinen Kinder gewohnt. Ich habe mich 18Jahre lang liebevoll um 3 Kaninchen gek\u00fcmmert und jetzt m\u00f6chte ich schweres Herzens die Kaninchenhaltung aufgeben. Wir mussten leider seine 12einhalb Jahre alte Partnerin einschl\u00e4fern. Im Winter waren sie im Haus und im Sommer drau\u00dfen. Wegen der Krankheit der Partnerin war er leider dieses ganze Jahr im Haus. Man m\u00fcsste ihn im Fr\u00fchjahr wieder an drau\u00dfen gew\u00f6hnen. Da er jetzt sehr einsam ist, w\u00fcnsche ich mir schnellstm\u00f6glich f\u00fcr ihn ein tolles Zuhause mit einer tollen Partnerin und liebevolle Kaninchenbesitzer. Er bekommt nur Frischfutter, Heu und im Sommer \u00c4ste mit Bl\u00e4tter, Gras\/Wiese und Spitzwegerich und er hatte eine Menge Auslauf im Haus wie drau\u00dfen.<\/p>\n<\/p><p>Bekannte Erkrankungen: Schneidez\u00e4hnchen sind ein wenig spitzig, ich lasse sie ca. alle 3Monate vom Tierarzt anschauen und gerade machen. Kein gro\u00dfer Aufwand und ohne Narkose. Letztes Jahr hatte er \u00f6fters Blasenentz\u00fcndung, aber mit Antibiotika und der richtigen Ern\u00e4hrung haben wir es in den Griff bekommen.<\/p><\/div><\/div><\/div><div><div class=\"frm_grid_container frm_no_grid_750\"><div class=\"frm6\"><h2 style=\"text-align: center;\">Fl\u00f6ckchen<\/h2><h4 style=\"text-align: center;\"><div class=\"frm_file_container\"><img loading=\"lazy\" decoding=\"async\" width=\"150\" height=\"150\" src=\"https:\/\/bayernrockt-kaninchenhilfe.de\/wordpress\/wp-content\/uploads\/formidable\/1\/20250125_234816-150x150.jpg\" class=\"attachment-thumbnail size-thumbnail\" alt=\"\" \/> <img loading=\"lazy\" decoding=\"async\" width=\"150\" height=\"150\" src=\"https:\/\/bayernrockt-kaninchenhilfe.de\/wordpress\/wp-content\/uploads\/formidable\/1\/IMG-20241030-WA0040-150x150.jpeg\" class=\"attachment-thumbnail size-thumbnail\" alt=\"\" \/><\/div><\/h4><\/div><div class=\"frm6\"><p>\u00a0<\/p><p>Geschlecht: <strong>weiblich,<\/strong>\u00a0 Kastriert: <strong>Ja<\/strong><\/p><p>Geboren: <strong>Februar 2018<\/strong>\u00a0<\/p><p>Gewicht: <strong>1,7 kg<\/strong><\/p><p><strong>Impfung<\/strong> ist aktuell: <strong>Nein<\/strong>\u00a0 \u00a0<\/p><p>EC-Status: <strong>Nicht bekannt<\/strong><\/p><p>Geeignet f\u00fcr <strong>Innenhaltung<\/strong><\/p><p>Lebt im Raum <strong>86391<\/strong><\/p><\/div><\/div><div class=\"frm_grid_container frm_no_grid_750\"><div class=\"frm12\"><p><p>Sehr vorsichtig bis sie einen richtig kennt dann frisst sie auch aus der Hand . Freundlich aber doch auch zur\u00fcckhaltend.  Fasst vertrauen aber langsam, ausgeglichen.<\/p>\n<\/p><p>Bekannte Erkrankungen: Sie hatte eine geb\u00e4rmutter OP uterus Tumor leider b\u00f6sartig.  K\u00f6nnte sein das er gestreut hat aber keine Komplikation seit 2024 alles gut verlaufen<\/p><\/div><\/div><\/div><div><div class=\"frm_grid_container frm_no_grid_750\"><div class=\"frm6\"><h2 style=\"text-align: center;\">Tofu<\/h2><h4 style=\"text-align: center;\"><div class=\"frm_file_container\"><img loading=\"lazy\" decoding=\"async\" width=\"150\" height=\"150\" src=\"https:\/\/bayernrockt-kaninchenhilfe.de\/wordpress\/wp-content\/uploads\/formidable\/1\/1000066576-150x150.png\" class=\"attachment-thumbnail size-thumbnail\" alt=\"\" \/> <img loading=\"lazy\" decoding=\"async\" width=\"150\" height=\"150\" src=\"https:\/\/bayernrockt-kaninchenhilfe.de\/wordpress\/wp-content\/uploads\/formidable\/1\/1000066581-150x150.jpg\" class=\"attachment-thumbnail size-thumbnail\" alt=\"\" \/><\/div><\/h4><\/div><div class=\"frm6\"><p>\u00a0<\/p><p>Geschlecht: <strong>m\u00e4nnlich,<\/strong>\u00a0 Kastriert: <strong>Ja<\/strong><\/p><p>Geboren: <strong>4<\/strong>\u00a0<\/p><p>Gewicht: <strong>ca 2-3kg<\/strong><\/p><p><strong>Impfung<\/strong> ist aktuell: <strong>Nein<\/strong>\u00a0 \u00a0<\/p><p>EC-Status: <strong>Nicht bekannt<\/strong><\/p><p>Geeignet f\u00fcr <strong>Au\u00dfenhaltung, Innenhaltung<\/strong><\/p><p>Lebt im Raum <strong>80639<\/strong><\/p><\/div><\/div><div class=\"frm_grid_container frm_no_grid_750\"><div class=\"frm12\"><p><p>Tofu ist ein ruhiger, freundlicher L\u00f6wenkopfchen Junge. Er ist gerne zum streicheln da und versteht sich gut mit Yoshi, seinem Haltungspartner.<\/p>\n<\/p><p>Bekannte Erkrankungen: Nein<\/p><\/div><\/div><\/div><div><div class=\"frm_grid_container frm_no_grid_750\"><div class=\"frm6\"><h2 style=\"text-align: center;\">Yoshi<\/h2><h4 style=\"text-align: center;\"><div class=\"frm_file_container\"><img loading=\"lazy\" decoding=\"async\" width=\"150\" height=\"150\" src=\"https:\/\/bayernrockt-kaninchenhilfe.de\/wordpress\/wp-content\/uploads\/formidable\/1\/1000066573-150x150.jpg\" class=\"attachment-thumbnail size-thumbnail\" alt=\"\" \/> <img loading=\"lazy\" decoding=\"async\" width=\"150\" height=\"150\" src=\"https:\/\/bayernrockt-kaninchenhilfe.de\/wordpress\/wp-content\/uploads\/formidable\/1\/1000066583-150x150.jpg\" class=\"attachment-thumbnail size-thumbnail\" alt=\"\" \/><\/div><\/h4><\/div><div class=\"frm6\"><p>\u00a0<\/p><p>Geschlecht: <strong>m\u00e4nnlich,<\/strong>\u00a0 Kastriert: <strong>Nein<\/strong><\/p><p>Geboren: <strong>3<\/strong>\u00a0<\/p><p>Gewicht: <strong>ca 1,2 kg<\/strong><\/p><p><strong>Impfung<\/strong> ist aktuell: <strong>Nein<\/strong>\u00a0 \u00a0<\/p><p>EC-Status: <strong>Nicht bekannt<\/strong><\/p><p>Geeignet f\u00fcr <strong>Innenhaltung<\/strong><\/p><p>Lebt im Raum <strong>80639<\/strong><\/p><\/div><\/div><div class=\"frm_grid_container frm_no_grid_750\"><div class=\"frm12\"><p><p>Yoshi ist ein temperamentvoller und flinker kleiner L\u00f6wenk\u00f6pfchen. Zusammen mit Tofu erg\u00e4nzen die beiden sich sehr gut, und k\u00fcmmern sich um einander. Yoshi ist neugierig und aufgeweckt. Am besten werden Tofu und Yoshi gemeinsam \u00fcbermittelt, da beide schon ihr ganzes Leben lang zusammen sind.<\/p>\n<\/p><p>Bekannte Erkrankungen: Nein<\/p><\/div><\/div><\/div><div><div class=\"frm_grid_container frm_no_grid_750\"><div class=\"frm6\"><h2 style=\"text-align: center;\">Lucy<\/h2><h4 style=\"text-align: center;\"><div class=\"frm_file_container\"><img loading=\"lazy\" decoding=\"async\" width=\"150\" height=\"150\" src=\"https:\/\/bayernrockt-kaninchenhilfe.de\/wordpress\/wp-content\/uploads\/formidable\/1\/IMG_2456-150x150.jpg\" class=\"attachment-thumbnail size-thumbnail\" alt=\"\" \/> <img loading=\"lazy\" decoding=\"async\" width=\"150\" height=\"150\" src=\"https:\/\/bayernrockt-kaninchenhilfe.de\/wordpress\/wp-content\/uploads\/formidable\/1\/IMG_2439-150x150.jpg\" class=\"attachment-thumbnail size-thumbnail\" alt=\"\" \/><\/div><\/h4><\/div><div class=\"frm6\"><p>\u00a0<\/p><p>Geschlecht: <strong>weiblich,<\/strong>\u00a0 Kastriert: <strong>Nein<\/strong><\/p><p>Geboren: <strong>2019<\/strong>\u00a0<\/p><p>Gewicht: <strong>ca 2  kg<\/strong><\/p><p><strong>Impfung<\/strong> ist aktuell: <strong>Ja<\/strong>\u00a0 \u00a0<\/p><p>EC-Status: <strong>EC positiv<\/strong><\/p><p>Geeignet f\u00fcr <strong>Au\u00dfenhaltung<\/strong><\/p><p>Lebt im Raum <strong>85235<\/strong><\/p><\/div><\/div><div class=\"frm_grid_container frm_no_grid_750\"><div class=\"frm12\"><p><p>Lucy ist ein neugieriges, lebhaftes Kaninchen, was in einer gemischten Kleingruppe lebte, wobei sie mit den kastrierten M\u00e4nnchen immer sehr friedlich und liebevoll umgegangen ist und das Weibchen durchaus mal vertrieben wurde. Aus Neugier,  hoppelt sie gerne in der N\u00e4he des Menschen rum, wenn der Stall sauber gemacht wird oder neue Knabber\u00e4ste gebracht werden, meidet aber ansonsten den Menschen eher und m\u00f6chte auch nicht auf den Arm genommen werden. Sie war bisher in ihren 7 Lebensjahren immer unkompliziert in der Haltung und nie krank. Zahnstatus ist in Ordnung. Sie lebt ihr ganzes Leben schon bei uns und immer in einer gro\u00dfz\u00fcgigen Aussenhaltung mit t\u00e4glich Zugang zu einem weiteren Wiesenauslauf, bekommt 24\/7 ausschlie\u00dflich Gr\u00fcnfutter aus Gem\u00fcse und Wiese und Heu. Sie buddelt f\u00fcr ihr Leben gerne und baut ihr Zuhause entsprechend st\u00e4ndig um. Da inzwischen alle ihre Partner verstorben sind und wir die Kaninchenhaltung aufgeben, geben wir Lucy schweren Herzens zur Vermittlung frei. Wir w\u00fcnschen uns f\u00fcr sie einen gro\u00dfz\u00fcgigen Platz mit mind. einem Partnerkaninchen (wobei wir hier denken, dass ein m\u00e4nnliches eher harmonieren wird) in Aussenhaltung wo sie weiterhin ihre Liebe zum Buddeln ausleben darf.<\/p>\n<\/p><p>Bekannte Erkrankungen: nein<\/p><\/div><\/div><\/div><div><div class=\"frm_grid_container frm_no_grid_750\"><div class=\"frm6\"><h2 style=\"text-align: center;\">Paulchen<\/h2><h4 style=\"text-align: center;\"><div class=\"frm_file_container\"><img loading=\"lazy\" decoding=\"async\" width=\"150\" height=\"150\" src=\"https:\/\/bayernrockt-kaninchenhilfe.de\/wordpress\/wp-content\/uploads\/formidable\/1\/IMG_20260116_160339-150x150.jpg\" class=\"attachment-thumbnail size-thumbnail\" alt=\"\" \/> <img loading=\"lazy\" decoding=\"async\" width=\"150\" height=\"150\" src=\"https:\/\/bayernrockt-kaninchenhilfe.de\/wordpress\/wp-content\/uploads\/formidable\/1\/IMG_20260116_160311-150x150.jpg\" class=\"attachment-thumbnail size-thumbnail\" alt=\"\" \/><\/div><\/h4><\/div><div class=\"frm6\"><p>\u00a0<\/p><p>Geschlecht: <strong>m\u00e4nnlich,<\/strong>\u00a0 Kastriert: <strong>Ja<\/strong><\/p><p>Geboren: <strong>M\u00e4rz 2019<\/strong>\u00a0<\/p><p>Gewicht: <strong>2,7kg<\/strong><\/p><p><strong>Impfung<\/strong> ist aktuell: <strong>Ja<\/strong>\u00a0 \u00a0<\/p><p>EC-Status: <strong>EC negativ<\/strong><\/p><p>Geeignet f\u00fcr <strong>Au\u00dfenhaltung<\/strong><\/p><p>Lebt im Raum <strong>82275<\/strong><\/p><\/div><\/div><div class=\"frm_grid_container frm_no_grid_750\"><div class=\"frm12\"><p><p>Wird nicht gern gestreichelt<\/p>\n<\/p><p>Bekannte Erkrankungen: Fetthals, aber ohne Beeintr\u00e4chtigung<\/p><\/div><\/div><\/div><div><div class=\"frm_grid_container frm_no_grid_750\"><div class=\"frm6\"><h2 style=\"text-align: center;\">Link<\/h2><h4 style=\"text-align: center;\"><div class=\"frm_file_container\"><img loading=\"lazy\" decoding=\"async\" width=\"150\" height=\"150\" src=\"https:\/\/bayernrockt-kaninchenhilfe.de\/wordpress\/wp-content\/uploads\/formidable\/1\/df8c6440-a71e-4d1c-b0e9-8aebb2d604b4-1-150x150.jpeg\" class=\"attachment-thumbnail size-thumbnail\" alt=\"\" \/> <img loading=\"lazy\" decoding=\"async\" width=\"150\" height=\"150\" src=\"https:\/\/bayernrockt-kaninchenhilfe.de\/wordpress\/wp-content\/uploads\/formidable\/1\/54CBA11A-B8D0-443B-AF58-E0F5F9E1DA30-1-150x150.jpeg\" class=\"attachment-thumbnail size-thumbnail\" alt=\"\" \/><\/div><\/h4><\/div><div class=\"frm6\"><p>\u00a0<\/p><p>Geschlecht: <strong>weiblich,<\/strong>\u00a0 Kastriert: <strong>Nein<\/strong><\/p><p>Geboren: <strong>01.03.2015<\/strong>\u00a0<\/p><p>Gewicht: <strong>1,7 kg<\/strong><\/p><p><strong>Impfung<\/strong> ist aktuell: <strong>Nein<\/strong>\u00a0 \u00a0<\/p><p>EC-Status: <strong>EC negativ<\/strong><\/p><p>Geeignet f\u00fcr <strong>Innenhaltung<\/strong><\/p><p>Lebt im Raum <strong>86510<\/strong><\/p><\/div><\/div><div class=\"frm_grid_container frm_no_grid_750\"><div class=\"frm12\"><p><p>Link ist ein sehr scheues Kaninchen, welches sich nicht gerne streicheln l\u00e4sst. Trotzdem ist sie oftmals neugierig und freut sich \u00fcber neue Erkundungen. Sie ist sehr ruhig und hat sich noch nie aggressiv verhalten. Link braucht jemanden der sehr geduldig ist und ihre Zur\u00fcckgezogenheit akzeptiert. Ihr Partnertier Snow ist im November 2025 gestorben und sie braucht dringend einen neuen Partner, um nicht mehr alleine zu sein. Momentan leidet Link an einer schweren Erk\u00e4ltung, die aber derzeit behandelt wird.<\/p>\n<\/p><p>Bekannte Erkrankungen: Langwierige Erk\u00e4ltung<\/p><\/div><\/div><\/div><div><div class=\"frm_grid_container frm_no_grid_750\"><div class=\"frm6\"><h2 style=\"text-align: center;\">Alla Maud<\/h2><h4 style=\"text-align: center;\"><img loading=\"lazy\" decoding=\"async\" width=\"150\" height=\"150\" src=\"https:\/\/bayernrockt-kaninchenhilfe.de\/wordpress\/wp-content\/uploads\/formidable\/1\/Alla-auf-Sofa-bearb-150x150.jpg\" class=\"attachment-thumbnail size-thumbnail\" alt=\"\" \/><\/h4><\/div><div class=\"frm6\"><p>\u00a0<\/p><p>Geschlecht: <strong>weiblich,<\/strong>\u00a0 Kastriert: <strong>Nein<\/strong><\/p><p>Geboren: <strong>08.04.2021<\/strong>\u00a0<\/p><p>Gewicht: <strong>2,4<\/strong><\/p><p><strong>Impfung<\/strong> ist aktuell: <strong>Nein<\/strong>\u00a0 \u00a0<\/p><p>EC-Status: <strong>EC negativ<\/strong><\/p><p>Geeignet f\u00fcr <strong>Innenhaltung<\/strong><\/p><p>Lebt im Raum <strong>80637<\/strong><\/p><\/div><\/div><div class=\"frm_grid_container frm_no_grid_750\"><div class=\"frm12\"><p><p>Alla ist ein sehr vitales, aufgewecktes Kaninchen. In Paarhaltung war sie stets der eher dominante Part. Ansonsten ist sie sehr gut zu halten. Sie hat wundersch\u00f6ne Augen und ein tolles Fell. Seit rund drei Jahren lebt sie in Innenhaltung (davor in Au\u00dfenhaltung) und sie ist ziemlich stubenrein. Leider ist ihr m\u00e4nnlicher Partner nun verstorben und es w\u00e4re sch\u00f6n, wenn sie in gute, kaninchenerfahrene H\u00e4nde kommt.<\/p>\n<\/p><p>Bekannte Erkrankungen: &#8211;<\/p><\/div><\/div><\/div><div><div class=\"frm_grid_container frm_no_grid_750\"><div class=\"frm6\"><h2 style=\"text-align: center;\">Cella<\/h2><h4 style=\"text-align: center;\"><div class=\"frm_file_container\"><img loading=\"lazy\" decoding=\"async\" width=\"150\" height=\"150\" src=\"https:\/\/bayernrockt-kaninchenhilfe.de\/wordpress\/wp-content\/uploads\/formidable\/1\/IMG_4782-150x150.jpeg\" class=\"attachment-thumbnail size-thumbnail\" alt=\"\" \/> <img loading=\"lazy\" decoding=\"async\" width=\"150\" height=\"150\" src=\"https:\/\/bayernrockt-kaninchenhilfe.de\/wordpress\/wp-content\/uploads\/formidable\/1\/IMG_4716-150x150.jpeg\" class=\"attachment-thumbnail size-thumbnail\" alt=\"\" \/><\/div><\/h4><\/div><div class=\"frm6\"><p>\u00a0<\/p><p>Geschlecht: <strong>weiblich,<\/strong>\u00a0 Kastriert: <strong>Nein<\/strong><\/p><p>Geboren: <strong>Ca 8 Jahre<\/strong>\u00a0<\/p><p>Gewicht: <strong>2 kg<\/strong><\/p><p><strong>Impfung<\/strong> ist aktuell: <strong>Ja<\/strong>\u00a0 \u00a0<\/p><p>EC-Status: <strong>Nicht bekannt<\/strong><\/p><p>Geeignet f\u00fcr <strong>Au\u00dfenhaltung, Innenhaltung<\/strong><\/p><p>Lebt im Raum <strong>82042<\/strong><\/p><\/div><\/div><div class=\"frm_grid_container frm_no_grid_750\"><div class=\"frm12\"><p><p>Cella kam vor vier Monaten zu uns. Leider ist unser Mogli letzte Woche verstorben, wir hatten gehofft, dass die beiden noch einige Jahre gemeinsam verbringen k\u00f6nnen. F\u00fcr uns ist nun der Zeitpunkt gekommen, mit der Kaninchenhaltung aufzuh\u00f6ren, daher w\u00fcnschen wir uns f\u00fcr Cella ein artgerechtes F\u00fcr-immer-zu-Hause. Sie ist dominant, die Vergesellschaftung verlief problemlos, seitdem war sie unserem Mogli eine f\u00fcrsorgliche Kuschelpartnerin. Anf\u00e4nglich hat sie versucht zu kratzen, wenn man ihr oder dem Partnertier mit der Hand zu nahe gekommen ist. Das hat sie weitestgehend abgelegt. Mit ruhigen, vorsichtigen Bewegungen frisst sie mittlerweile aus der Hand und l\u00e4sst sich auch streicheln. Sie ist sehr aktiv und liebt es durchs Gehege zu flitzen. Wetter-und altersbedingt hatten wir die beiden ins Haus geholt. Bis dahin hat Cella aber immer im Garten gelebt. Wir w\u00fcnschen uns f\u00fcr Cella ein artgerechtes, liebevolles F\u00fcr- immer-zu-Hause bei kaninchenerfahrenen Menschen und vor allem einen lieben Kaninchenpartner, den sie wieder umsorgen kann.<\/p>\n<\/p><p>Bekannte Erkrankungen: Blasengries<\/p><\/div><\/div><\/div><div><div class=\"frm_grid_container frm_no_grid_750\"><div class=\"frm6\"><h2 style=\"text-align: center;\">Pechv\u00f6gle Amy und Gloria<\/h2><h4 style=\"text-align: center;\"><div class=\"frm_file_container\"><img loading=\"lazy\" decoding=\"async\" width=\"150\" height=\"150\" src=\"https:\/\/bayernrockt-kaninchenhilfe.de\/wordpress\/wp-content\/uploads\/formidable\/1\/1000133264-150x150.jpeg\" class=\"attachment-thumbnail size-thumbnail\" alt=\"\" \/> <img loading=\"lazy\" decoding=\"async\" width=\"150\" height=\"150\" src=\"https:\/\/bayernrockt-kaninchenhilfe.de\/wordpress\/wp-content\/uploads\/formidable\/1\/1000133263-150x150.jpeg\" class=\"attachment-thumbnail size-thumbnail\" alt=\"\" \/><\/div><\/h4><\/div><div class=\"frm6\"><p>\u00a0<\/p><p>Geschlecht: <strong>weiblich,<\/strong>\u00a0 Kastriert: <strong>Nein<\/strong><\/p><p>Geboren: <strong>Geboren 2021<\/strong>\u00a0<\/p><p>Gewicht: <strong>ca 4 kg<\/strong><\/p><p><strong>Impfung<\/strong> ist aktuell: <strong>Ja<\/strong>\u00a0 \u00a0<\/p><p>EC-Status: <strong>Nicht bekannt<\/strong><\/p><p>Geeignet f\u00fcr <strong>Au\u00dfenhaltung<\/strong><\/p><p>Lebt im Raum <strong>82281<\/strong><\/p><\/div><\/div><div class=\"frm_grid_container frm_no_grid_750\"><div class=\"frm12\"><p><p>Die beiden Damen waren zusammen kurzfristig vermittelt. Jedoch ist der Kaninchenmann verstorben und die beiden mussten zur\u00fcck in meine Pflegestelle.<br \/>\nSehr neugierige, agile Kaninchendamen. Die schwarze \u201eGloria\u201c ist ein wenig zutraulicher, als \u201eAmy\u201c, die braun wei\u00dfe H\u00e4sin.<br \/>\nVergesellschaftung mit kastriertem Bock war \u00fcberhaupt kein Thema. Friedlich und freundlich.<br \/>\nBrauchen, aufgrund der Gr\u00f6\u00dfe schon ein wenig mehr Platz als Zwergerl. Leben hier in einem Au\u00dfenstall mit tags\u00fcber direktem Zugang ins Freigehege. Das sollten sie so auch mindestens weiter zur Verf\u00fcgung bekommen. Vertragen alles an Gr\u00fcnfutter und fressen auch gut Heu. In der Gruppe hier leben sie auch mit einer weiteren H\u00e4sin zusammen, auch das klappt problemlos.<br \/>\nSie d\u00fcrfen gerne gemeinsam oder auch getrennt zu einem vorhandenen Tier umziehen.<\/p>\n<\/p><p>Bekannte Erkrankungen: Bisher alles unauff\u00e4llig; keine Erkrankungen bekannt<\/p><\/div><\/div><\/div><div><div class=\"frm_grid_container frm_no_grid_750\"><div class=\"frm6\"><h2 style=\"text-align: center;\">Amy<\/h2><h4 style=\"text-align: center;\"><img loading=\"lazy\" decoding=\"async\" width=\"150\" height=\"150\" src=\"https:\/\/bayernrockt-kaninchenhilfe.de\/wordpress\/wp-content\/uploads\/formidable\/1\/20211226_220940-150x150.jpg\" class=\"attachment-thumbnail size-thumbnail\" alt=\"\" \/><\/h4><\/div><div class=\"frm6\"><p>\u00a0<\/p><p>Geschlecht: <strong>weiblich,<\/strong>\u00a0 Kastriert: <strong>Ja<\/strong><\/p><p>Geboren: <strong>17.5.2018<\/strong>\u00a0<\/p><p>Gewicht: <strong>2200g<\/strong><\/p><p><strong>Impfung<\/strong> ist aktuell: <strong>Nein<\/strong>\u00a0 \u00a0<\/p><p>EC-Status: <strong>Nicht bekannt<\/strong><\/p><p>Geeignet f\u00fcr <strong>Innenhaltung<\/strong><\/p><p>Lebt im Raum <strong>84381<\/strong><\/p><\/div><\/div><div class=\"frm_grid_container frm_no_grid_750\"><div class=\"frm12\"><p><p>Meine Amy ist eher dominant, sie l\u00e4sst sich hin und wieder streicheln, kommt an wenn es Futter gibt, ist sehr Neugierig.<\/p>\n<\/p><p>Bekannte Erkrankungen: Nix bekannt<\/p><\/div><\/div><\/div><div><div class=\"frm_grid_container frm_no_grid_750\"><div class=\"frm6\"><h2 style=\"text-align: center;\">Henry<\/h2><h4 style=\"text-align: center;\"><img loading=\"lazy\" decoding=\"async\" width=\"150\" height=\"150\" src=\"https:\/\/bayernrockt-kaninchenhilfe.de\/wordpress\/wp-content\/uploads\/formidable\/1\/1000151743-150x150.jpg\" class=\"attachment-thumbnail size-thumbnail\" alt=\"\" \/><\/h4><\/div><div class=\"frm6\"><p>\u00a0<\/p><p>Geschlecht: <strong>m\u00e4nnlich,<\/strong>\u00a0 Kastriert: <strong>Ja<\/strong><\/p><p>Geboren: <strong>25.05.2019<\/strong>\u00a0<\/p><p>Gewicht: <strong>ca. 3 kg<\/strong><\/p><p><strong>Impfung<\/strong> ist aktuell: <strong>Nein<\/strong>\u00a0 \u00a0<\/p><p>EC-Status: <strong>Nicht bekannt<\/strong><\/p><p>Geeignet f\u00fcr <strong>Au\u00dfenhaltung<\/strong><\/p><p>Lebt im Raum <strong>63820<\/strong><\/p><\/div><\/div><div class=\"frm_grid_container frm_no_grid_750\"><div class=\"frm12\"><p><p>scheu aber auch neugierig<\/p>\n<\/p><p>Bekannte Erkrankungen: keine<\/p><\/div><\/div><\/div><div><div class=\"frm_grid_container frm_no_grid_750\"><div class=\"frm6\"><h2 style=\"text-align: center;\">Popcorn<\/h2><h4 style=\"text-align: center;\"><div class=\"frm_file_container\"><img loading=\"lazy\" decoding=\"async\" width=\"150\" height=\"150\" src=\"https:\/\/bayernrockt-kaninchenhilfe.de\/wordpress\/wp-content\/uploads\/formidable\/1\/9996c1c2-d7ff-4418-9176-e26e2ebd66a5-150x150.jpg\" class=\"attachment-thumbnail size-thumbnail\" alt=\"\" \/> <img loading=\"lazy\" decoding=\"async\" width=\"150\" height=\"150\" src=\"https:\/\/bayernrockt-kaninchenhilfe.de\/wordpress\/wp-content\/uploads\/formidable\/1\/b548c91d-6a4d-421f-bcd2-e34319496858-150x150.jpg\" class=\"attachment-thumbnail size-thumbnail\" alt=\"\" \/><\/div><\/h4><\/div><div class=\"frm6\"><p>\u00a0<\/p><p>Geschlecht: <strong>weiblich,<\/strong>\u00a0 Kastriert: <strong>Nein<\/strong><\/p><p>Geboren: <strong>01.02.2019<\/strong>\u00a0<\/p><p>Gewicht: <strong>2 kilo<\/strong><\/p><p><strong>Impfung<\/strong> ist aktuell: <strong>Nein<\/strong>\u00a0 \u00a0<\/p><p>EC-Status: <strong>Nicht bekannt<\/strong><\/p><p>Geeignet f\u00fcr <strong>Au\u00dfenhaltung<\/strong><\/p><p>Lebt im Raum <strong>82110<\/strong><\/p><\/div><\/div><div class=\"frm_grid_container frm_no_grid_750\"><div class=\"frm12\"><p><p>aktiv , zwickt nicht, l\u00e4sst sich aus der Hand f\u00fcttern, mag es nicht hochgehoben zu werden aber wenn sie dann auf dem Scho\u00df sitzt l\u00e4sst sie sich gut streicheln<\/p>\n<\/p><p>Bekannte Erkrankungen: Nein<\/p><\/div><\/div><\/div><div><div class=\"frm_grid_container frm_no_grid_750\"><div class=\"frm6\"><h2 style=\"text-align: center;\">Lina<\/h2><h4 style=\"text-align: center;\"><img loading=\"lazy\" decoding=\"async\" width=\"150\" height=\"150\" src=\"https:\/\/bayernrockt-kaninchenhilfe.de\/wordpress\/wp-content\/uploads\/formidable\/1\/1000060827-150x150.jpg\" class=\"attachment-thumbnail size-thumbnail\" alt=\"\" \/><\/h4><\/div><div class=\"frm6\"><p>\u00a0<\/p><p>Geschlecht: <strong>weiblich,<\/strong>\u00a0 Kastriert: <strong>Nein<\/strong><\/p><p>Geboren: <strong>Juni 2019<\/strong>\u00a0<\/p><p>Gewicht: <strong>1,4 kg<\/strong><\/p><p><strong>Impfung<\/strong> ist aktuell: <strong>Ja<\/strong>\u00a0 \u00a0<\/p><p>EC-Status: <strong>Nicht bekannt<\/strong><\/p><p>Geeignet f\u00fcr <strong>Au\u00dfenhaltung, Innenhaltung<\/strong><\/p><p>Lebt im Raum <strong>86453<\/strong><\/p><\/div><\/div><div class=\"frm_grid_container frm_no_grid_750\"><div class=\"frm12\"><p><p>Lina ist aufgeweckt und neugierig.  Hoppelt gerne herum.<\/p>\n<\/p><p>Bekannte Erkrankungen: Evtl. EC positiv,  da sie mit Zwergkaninchen  zusammen war, die EC positiv  war. W\u00fcrde vor Abgabe getestet werden.<\/p><\/div><\/div><\/div><\/div>\n\n\n\n<p><\/p>\n","protected":false},"excerpt":{"rendered":"<p>Hier findest du Kaninchen, die noch bei ihren aktuellen Besitzern leben, aber ein neues Zuhause suchen. Hier leisten wir Vermittlungshilfe. Wir stellen den Kontakt zwischen euch und den bisherigen Besitzern her. Wenn gew\u00fcnscht, helfen wir euch bei der Vergesellschaftung. Du willst umst\u00e4ndehalber dein Kaninchen zur privaten Vermittlung freigeben? Erstelle einen Eintrag auf dieser Seite mit [&hellip;]<\/p>\n","protected":false},"author":1,"featured_media":0,"parent":0,"menu_order":35,"comment_status":"closed","ping_status":"closed","template":"","meta":{"footnotes":""},"class_list":["post-239","page","type-page","status-publish","hentry"],"_links":{"self":[{"href":"https:\/\/bayernrockt-kaninchenhilfe.de\/wordpress\/wp-json\/wp\/v2\/pages\/239","targetHints":{"allow":["GET"]}}],"collection":[{"href":"https:\/\/bayernrockt-kaninchenhilfe.de\/wordpress\/wp-json\/wp\/v2\/pages"}],"about":[{"href":"https:\/\/bayernrockt-kaninchenhilfe.de\/wordpress\/wp-json\/wp\/v2\/types\/page"}],"author":[{"embeddable":true,"href":"https:\/\/bayernrockt-kaninchenhilfe.de\/wordpress\/wp-json\/wp\/v2\/users\/1"}],"replies":[{"embeddable":true,"href":"https:\/\/bayernrockt-kaninchenhilfe.de\/wordpress\/wp-json\/wp\/v2\/comments?post=239"}],"version-history":[{"count":104,"href":"https:\/\/bayernrockt-kaninchenhilfe.de\/wordpress\/wp-json\/wp\/v2\/pages\/239\/revisions"}],"predecessor-version":[{"id":2747,"href":"https:\/\/bayernrockt-kaninchenhilfe.de\/wordpress\/wp-json\/wp\/v2\/pages\/239\/revisions\/2747"}],"wp:attachment":[{"href":"https:\/\/bayernrockt-kaninchenhilfe.de\/wordpress\/wp-json\/wp\/v2\/media?parent=239"}],"curies":[{"name":"wp","href":"https:\/\/api.w.org\/{rel}","templated":true}]}}