{"id":24,"date":"2024-02-05T19:17:55","date_gmt":"2024-02-05T18:17:55","guid":{"rendered":"https:\/\/www.bayernrockt-kaninchenhilfe.de\/wordpress\/?page_id=24"},"modified":"2025-12-28T18:16:10","modified_gmt":"2025-12-28T17:16:10","slug":"willkommen","status":"publish","type":"page","link":"https:\/\/bayernrockt-kaninchenhilfe.de\/wordpress\/","title":{"rendered":"Willkommen"},"content":{"rendered":"\n<hr class=\"wp-block-separator has-alpha-channel-opacity is-style-wide\"\/>\n\n\n\n<figure class=\"gb-block-image gb-block-image-fa43f0c5\"><a href=\"https:\/\/www.bayernrockt-kaninchenhilfe.de\/wordpress\/vorstandsbereich\/\"><img loading=\"lazy\" decoding=\"async\" width=\"633\" height=\"640\" class=\"gb-image gb-image-fa43f0c5\" src=\"http:\/\/bayernrockt-kaninchenhilfe.de\/wordpress\/wp-content\/uploads\/2024\/03\/rabbit-2798808_640.png\" alt=\"\" title=\"rabbit-2798808_640\" srcset=\"https:\/\/bayernrockt-kaninchenhilfe.de\/wordpress\/wp-content\/uploads\/2024\/03\/rabbit-2798808_640.png 633w, https:\/\/bayernrockt-kaninchenhilfe.de\/wordpress\/wp-content\/uploads\/2024\/03\/rabbit-2798808_640-297x300.png 297w\" sizes=\"auto, (max-width: 633px) 100vw, 633px\" \/><\/a><\/figure>\n\n\n\n<p>Herzlich Willkommen auf der Homepage unseres gemeinn\u00fctzigen Vereins Bayern rockt Kaninchenhilfe e.V.<\/p>\n\n\n\n<p>Unser Hauptsitz befindet sich in Schwabhausen (Oberbayern), daher sind wir \u00fcberwiegend in Bayern t\u00e4tig. Scheut euch nicht, uns auch aus angrenzenden Regionen zu kontaktieren.<\/p>\n\n\n\n<p>Unser Ziel ist es, den Kaninchen eine Stimme zu geben und dar\u00fcber aufzukl\u00e4ren, welche Bed\u00fcrfnisse Kaninchen haben. Wir k\u00e4mpfen daf\u00fcr, dass Kaninchen nicht l\u00e4nger Haustiere zweiter Klasse sind. Wir m\u00f6chten daf\u00fcr sensibilisieren, wie anspruchsvoll Kaninchenhaltung ist. Insgesamt m\u00f6chten wir das Leben so vieler Kaninchen wie m\u00f6glich verbessern.<\/p>\n\n\n\n<p>Deshalb ist ein gro\u00dfer Teil unserer Arbeit die Aufkl\u00e4rung und Beratung. Hierzu k\u00f6nnt ihr uns jederzeit <a href=\"https:\/\/www.bayernrockt-kaninchenhilfe.de\/wordpress\/kontakt\/\" data-type=\"page\" data-id=\"6\">kontaktieren<\/a>. Au\u00dferdem k\u00f6nnt ihr uns pers\u00f6nlich an verschiedenen Infost\u00e4nden treffen. <a href=\"https:\/\/www.bayernrockt-kaninchenhilfe.de\/wordpress\/veranstaltungen\/\" data-type=\"page\" data-id=\"684\">Hier<\/a> seht ihr, wo wir in der n\u00e4chsten Zeit sind.<\/p>\n\n\n\n<p>Ein weiterer wichtiger Teil unserer Arbeit ist die Versorgung und Pflege unserer Kaninchen. Unsere Pflegekaninchen stammen teilweise aus schlechter Haltung oder auch von Haltern, die die Kaninchenhaltung beendet haben. F\u00fcr uns hat eine optimale Versorgung der Kaninchen oberste Priorit\u00e4t. So werden unsere <a href=\"https:\/\/www.bayernrockt-kaninchenhilfe.de\/wordpress\/gnadentiere\/\" data-type=\"page\" data-id=\"255\">Sorgenkinder und Gnadentiere<\/a> intensiv betreut. Inzwischen haben viele unserer Kaninchen Zahnprobleme oder andere Handicaps und haben so kaum eine Vermittlungschance. Diese Kaninchen sind lebenslustig und genie\u00dfen ihr Leben ebenso wie gesunde Kaninchen. F\u00fcr uns ist es daher selbstverst\u00e4ndlich, dass auch chronisch kranke Tiere angemessen und liebevoll versorgt werden. Dazu geh\u00f6rt auch eine regelm\u00e4\u00dfige tier\u00e4rztliche Betreuung aller unserer Kaninchen. All das k\u00f6nnen wir nur mit eurer Hilfe stemmen. Wie ihr uns helfen k\u00f6nnt, seht ihr <a href=\"https:\/\/www.bayernrockt-kaninchenhilfe.de\/wordpress\/helfen\/\" data-type=\"page\" data-id=\"754\">hier<\/a>.<\/p>\n\n\n\n<p>Bei Vermittlungen legen wir Wert darauf, dass die Kaninchen im neuen Zuhause artgerecht gehalten, angemessen versorgt und als vollwertiges Familienmitglied gesehen werden. Auch hier beraten wir gerne, wenn ihr eure Haltung verbessern m\u00f6chtet.<\/p>\n\n\n\n<p>Wir sind daher kein reiner Vermittlungsverein. Unser Ziel ist Qualit\u00e4t statt Quantit\u00e4t. Denn jedes Kaninchen hat nur ein Leben und hat ein Recht darauf ein gutes Leben zu f\u00fchren.<\/p>\n\n\n\n<p style=\"margin-top:var(--wp--preset--spacing--30);margin-bottom:var(--wp--preset--spacing--30)\">Mehr \u00fcber unsere Grunds\u00e4tze k\u00f6nnt ihr in der <a href=\"https:\/\/www.bayernrockt-kaninchenhilfe.de\/Satzung.pdf\">Satzung<\/a> des Vereins lesen.<\/p>\n\n\n\n<p>Aktuelle Infos oder Geschichten unserer Tiere findet ihr auf <a href=\"http:\/\/www.facebook.com\/bayernrockt\/\">Facebook<\/a>, <a href=\"http:\/\/www.instagram.com\/bayernrockt_kaninchenhilfe\/\">Instagram<\/a> oder hier in den <a href=\"https:\/\/www.bayernrockt-kaninchenhilfe.de\/wordpress\/news\/\" data-type=\"page\" data-id=\"27\">News<\/a>.&nbsp;<\/p>\n\n\n\n<p>Hier seht ihr ein paar unserer Pfleglinge<\/p>\n\n\n\n<figure class=\"wp-block-gallery has-nested-images columns-default is-cropped wp-block-gallery-1 is-layout-flex wp-block-gallery-is-layout-flex\">\n<figure class=\"wp-block-image size-large\"><img loading=\"lazy\" decoding=\"async\" width=\"800\" height=\"800\" data-id=\"2775\" src=\"https:\/\/bayernrockt-kaninchenhilfe.de\/wordpress\/wp-content\/uploads\/2025\/08\/Woozle-800x800.png\" alt=\"\" class=\"wp-image-2775\" srcset=\"https:\/\/bayernrockt-kaninchenhilfe.de\/wordpress\/wp-content\/uploads\/2025\/08\/Woozle-800x800.png 800w, https:\/\/bayernrockt-kaninchenhilfe.de\/wordpress\/wp-content\/uploads\/2025\/08\/Woozle-300x300.png 300w, https:\/\/bayernrockt-kaninchenhilfe.de\/wordpress\/wp-content\/uploads\/2025\/08\/Woozle-150x150.png 150w, https:\/\/bayernrockt-kaninchenhilfe.de\/wordpress\/wp-content\/uploads\/2025\/08\/Woozle-768x768.png 768w, https:\/\/bayernrockt-kaninchenhilfe.de\/wordpress\/wp-content\/uploads\/2025\/08\/Woozle.png 1080w\" sizes=\"auto, (max-width: 800px) 100vw, 800px\" \/><\/figure>\n\n\n\n<figure class=\"wp-block-image size-large\"><img loading=\"lazy\" decoding=\"async\" width=\"800\" height=\"800\" data-id=\"2764\" src=\"https:\/\/bayernrockt-kaninchenhilfe.de\/wordpress\/wp-content\/uploads\/2025\/08\/Lea-800x800.png\" alt=\"\" class=\"wp-image-2764\" srcset=\"https:\/\/bayernrockt-kaninchenhilfe.de\/wordpress\/wp-content\/uploads\/2025\/08\/Lea-800x800.png 800w, https:\/\/bayernrockt-kaninchenhilfe.de\/wordpress\/wp-content\/uploads\/2025\/08\/Lea-300x300.png 300w, https:\/\/bayernrockt-kaninchenhilfe.de\/wordpress\/wp-content\/uploads\/2025\/08\/Lea-150x150.png 150w, https:\/\/bayernrockt-kaninchenhilfe.de\/wordpress\/wp-content\/uploads\/2025\/08\/Lea-768x768.png 768w, https:\/\/bayernrockt-kaninchenhilfe.de\/wordpress\/wp-content\/uploads\/2025\/08\/Lea.png 1080w\" sizes=\"auto, (max-width: 800px) 100vw, 800px\" \/><\/figure>\n\n\n\n<figure class=\"wp-block-image size-large\"><img loading=\"lazy\" decoding=\"async\" width=\"800\" height=\"800\" data-id=\"2512\" src=\"https:\/\/bayernrockt-kaninchenhilfe.de\/wordpress\/wp-content\/uploads\/2025\/06\/2025_06_05_Franzl-und-Emily-800x800.png\" alt=\"\" class=\"wp-image-2512\" srcset=\"https:\/\/bayernrockt-kaninchenhilfe.de\/wordpress\/wp-content\/uploads\/2025\/06\/2025_06_05_Franzl-und-Emily-800x800.png 800w, https:\/\/bayernrockt-kaninchenhilfe.de\/wordpress\/wp-content\/uploads\/2025\/06\/2025_06_05_Franzl-und-Emily-300x300.png 300w, https:\/\/bayernrockt-kaninchenhilfe.de\/wordpress\/wp-content\/uploads\/2025\/06\/2025_06_05_Franzl-und-Emily-150x150.png 150w, https:\/\/bayernrockt-kaninchenhilfe.de\/wordpress\/wp-content\/uploads\/2025\/06\/2025_06_05_Franzl-und-Emily-768x768.png 768w, https:\/\/bayernrockt-kaninchenhilfe.de\/wordpress\/wp-content\/uploads\/2025\/06\/2025_06_05_Franzl-und-Emily.png 1080w\" sizes=\"auto, (max-width: 800px) 100vw, 800px\" \/><\/figure>\n\n\n\n<figure class=\"wp-block-image size-large\"><img loading=\"lazy\" decoding=\"async\" width=\"800\" height=\"671\" data-id=\"3071\" src=\"https:\/\/bayernrockt-kaninchenhilfe.de\/wordpress\/wp-content\/uploads\/2025\/12\/Philipp-800x671.png\" alt=\"\" class=\"wp-image-3071\" srcset=\"https:\/\/bayernrockt-kaninchenhilfe.de\/wordpress\/wp-content\/uploads\/2025\/12\/Philipp-800x671.png 800w, https:\/\/bayernrockt-kaninchenhilfe.de\/wordpress\/wp-content\/uploads\/2025\/12\/Philipp-300x251.png 300w, https:\/\/bayernrockt-kaninchenhilfe.de\/wordpress\/wp-content\/uploads\/2025\/12\/Philipp-768x644.png 768w, https:\/\/bayernrockt-kaninchenhilfe.de\/wordpress\/wp-content\/uploads\/2025\/12\/Philipp.png 940w\" sizes=\"auto, (max-width: 800px) 100vw, 800px\" \/><\/figure>\n\n\n\n<figure class=\"wp-block-image size-large\"><img loading=\"lazy\" decoding=\"async\" width=\"800\" height=\"671\" data-id=\"3058\" src=\"https:\/\/bayernrockt-kaninchenhilfe.de\/wordpress\/wp-content\/uploads\/2025\/12\/2025_12_17_Fanny-und-Fritzi-800x671.png\" alt=\"\" class=\"wp-image-3058\" srcset=\"https:\/\/bayernrockt-kaninchenhilfe.de\/wordpress\/wp-content\/uploads\/2025\/12\/2025_12_17_Fanny-und-Fritzi-800x671.png 800w, https:\/\/bayernrockt-kaninchenhilfe.de\/wordpress\/wp-content\/uploads\/2025\/12\/2025_12_17_Fanny-und-Fritzi-300x251.png 300w, https:\/\/bayernrockt-kaninchenhilfe.de\/wordpress\/wp-content\/uploads\/2025\/12\/2025_12_17_Fanny-und-Fritzi-768x644.png 768w, https:\/\/bayernrockt-kaninchenhilfe.de\/wordpress\/wp-content\/uploads\/2025\/12\/2025_12_17_Fanny-und-Fritzi.png 940w\" sizes=\"auto, (max-width: 800px) 100vw, 800px\" \/><\/figure>\n\n\n\n<figure class=\"wp-block-image size-large\"><img loading=\"lazy\" decoding=\"async\" width=\"800\" height=\"671\" data-id=\"3034\" src=\"https:\/\/bayernrockt-kaninchenhilfe.de\/wordpress\/wp-content\/uploads\/2025\/12\/Kira-800x671.png\" alt=\"\" class=\"wp-image-3034\" srcset=\"https:\/\/bayernrockt-kaninchenhilfe.de\/wordpress\/wp-content\/uploads\/2025\/12\/Kira-800x671.png 800w, https:\/\/bayernrockt-kaninchenhilfe.de\/wordpress\/wp-content\/uploads\/2025\/12\/Kira-300x251.png 300w, https:\/\/bayernrockt-kaninchenhilfe.de\/wordpress\/wp-content\/uploads\/2025\/12\/Kira-768x644.png 768w, https:\/\/bayernrockt-kaninchenhilfe.de\/wordpress\/wp-content\/uploads\/2025\/12\/Kira.png 940w\" sizes=\"auto, (max-width: 800px) 100vw, 800px\" \/><\/figure>\n\n\n\n<figure class=\"wp-block-image size-large\"><img loading=\"lazy\" decoding=\"async\" width=\"800\" height=\"671\" data-id=\"3016\" src=\"https:\/\/bayernrockt-kaninchenhilfe.de\/wordpress\/wp-content\/uploads\/2025\/12\/2025_12_03_Gruppe-800x671.png\" alt=\"\" class=\"wp-image-3016\" srcset=\"https:\/\/bayernrockt-kaninchenhilfe.de\/wordpress\/wp-content\/uploads\/2025\/12\/2025_12_03_Gruppe-800x671.png 800w, https:\/\/bayernrockt-kaninchenhilfe.de\/wordpress\/wp-content\/uploads\/2025\/12\/2025_12_03_Gruppe-300x251.png 300w, https:\/\/bayernrockt-kaninchenhilfe.de\/wordpress\/wp-content\/uploads\/2025\/12\/2025_12_03_Gruppe-768x644.png 768w, https:\/\/bayernrockt-kaninchenhilfe.de\/wordpress\/wp-content\/uploads\/2025\/12\/2025_12_03_Gruppe.png 940w\" sizes=\"auto, (max-width: 800px) 100vw, 800px\" \/><\/figure>\n\n\n\n<figure class=\"wp-block-image size-large\"><img loading=\"lazy\" decoding=\"async\" width=\"800\" height=\"671\" data-id=\"2981\" src=\"https:\/\/bayernrockt-kaninchenhilfe.de\/wordpress\/wp-content\/uploads\/2025\/11\/Sniffy-und-Sissi-800x671.png\" alt=\"\" class=\"wp-image-2981\" srcset=\"https:\/\/bayernrockt-kaninchenhilfe.de\/wordpress\/wp-content\/uploads\/2025\/11\/Sniffy-und-Sissi-800x671.png 800w, https:\/\/bayernrockt-kaninchenhilfe.de\/wordpress\/wp-content\/uploads\/2025\/11\/Sniffy-und-Sissi-300x251.png 300w, https:\/\/bayernrockt-kaninchenhilfe.de\/wordpress\/wp-content\/uploads\/2025\/11\/Sniffy-und-Sissi-768x644.png 768w, https:\/\/bayernrockt-kaninchenhilfe.de\/wordpress\/wp-content\/uploads\/2025\/11\/Sniffy-und-Sissi.png 940w\" sizes=\"auto, (max-width: 800px) 100vw, 800px\" \/><\/figure>\n\n\n\n<figure class=\"wp-block-image size-large\"><img loading=\"lazy\" decoding=\"async\" width=\"800\" height=\"800\" data-id=\"2914\" src=\"https:\/\/bayernrockt-kaninchenhilfe.de\/wordpress\/wp-content\/uploads\/2025\/10\/Monty-800x800.png\" alt=\"\" class=\"wp-image-2914\" srcset=\"https:\/\/bayernrockt-kaninchenhilfe.de\/wordpress\/wp-content\/uploads\/2025\/10\/Monty-800x800.png 800w, https:\/\/bayernrockt-kaninchenhilfe.de\/wordpress\/wp-content\/uploads\/2025\/10\/Monty-300x300.png 300w, https:\/\/bayernrockt-kaninchenhilfe.de\/wordpress\/wp-content\/uploads\/2025\/10\/Monty-150x150.png 150w, https:\/\/bayernrockt-kaninchenhilfe.de\/wordpress\/wp-content\/uploads\/2025\/10\/Monty-768x768.png 768w, https:\/\/bayernrockt-kaninchenhilfe.de\/wordpress\/wp-content\/uploads\/2025\/10\/Monty.png 1080w\" sizes=\"auto, (max-width: 800px) 100vw, 800px\" \/><\/figure>\n<\/figure>\n","protected":false},"excerpt":{"rendered":"<p>Herzlich Willkommen auf der Homepage unseres gemeinn\u00fctzigen Vereins Bayern rockt Kaninchenhilfe e.V. Unser Hauptsitz befindet sich in Schwabhausen (Oberbayern), daher sind wir \u00fcberwiegend in Bayern t\u00e4tig. Scheut euch nicht, uns auch aus angrenzenden Regionen zu kontaktieren. Unser Ziel ist es, den Kaninchen eine Stimme zu geben und dar\u00fcber aufzukl\u00e4ren, welche Bed\u00fcrfnisse Kaninchen haben. Wir k\u00e4mpfen [&hellip;]<\/p>\n","protected":false},"author":1,"featured_media":0,"parent":0,"menu_order":0,"comment_status":"closed","ping_status":"closed","template":"","meta":{"footnotes":""},"class_list":["post-24","page","type-page","status-publish","hentry"],"_links":{"self":[{"href":"https:\/\/bayernrockt-kaninchenhilfe.de\/wordpress\/wp-json\/wp\/v2\/pages\/24","targetHints":{"allow":["GET"]}}],"collection":[{"href":"https:\/\/bayernrockt-kaninchenhilfe.de\/wordpress\/wp-json\/wp\/v2\/pages"}],"about":[{"href":"https:\/\/bayernrockt-kaninchenhilfe.de\/wordpress\/wp-json\/wp\/v2\/types\/page"}],"author":[{"embeddable":true,"href":"https:\/\/bayernrockt-kaninchenhilfe.de\/wordpress\/wp-json\/wp\/v2\/users\/1"}],"replies":[{"embeddable":true,"href":"https:\/\/bayernrockt-kaninchenhilfe.de\/wordpress\/wp-json\/wp\/v2\/comments?post=24"}],"version-history":[{"count":32,"href":"https:\/\/bayernrockt-kaninchenhilfe.de\/wordpress\/wp-json\/wp\/v2\/pages\/24\/revisions"}],"predecessor-version":[{"id":3074,"href":"https:\/\/bayernrockt-kaninchenhilfe.de\/wordpress\/wp-json\/wp\/v2\/pages\/24\/revisions\/3074"}],"wp:attachment":[{"href":"https:\/\/bayernrockt-kaninchenhilfe.de\/wordpress\/wp-json\/wp\/v2\/media?parent=24"}],"curies":[{"name":"wp","href":"https:\/\/api.w.org\/{rel}","templated":true}]}}