{"id":245,"date":"2024-02-11T23:40:59","date_gmt":"2024-02-11T22:40:59","guid":{"rendered":"https:\/\/www.bayernrockt-kaninchenhilfe.de\/wordpress\/?page_id=245"},"modified":"2024-03-30T19:00:43","modified_gmt":"2024-03-30T18:00:43","slug":"kaninchen","status":"publish","type":"page","link":"https:\/\/bayernrockt-kaninchenhilfe.de\/wordpress\/kaninchen\/","title":{"rendered":"Unsere Kaninchen"},"content":{"rendered":"\n<p>Hier findest du unsere Kaninchen, die ein neues Zuhause suchen. Sie sollen im neuen Zuhause m\u00f6glichst artgerecht gehalten werden. Wenn du deine Haltung verbessern m\u00f6chtest, helfen wir dir sehr gerne. Scheue dich daher nicht, uns zu kontaktieren, wenn du im Moment unsere&nbsp;<a href=\"https:\/\/www.bayernrockt-kaninchenhilfe.de\/Vermittlungskriterien.pdf\" target=\"_blank\" rel=\"noreferrer noopener\"><strong>Vermittlungskriterien<\/strong><\/a>&nbsp;noch nicht erf\u00fcllst. Jeder von uns lernt st\u00e4ndig dazu.<\/p>\n\n\n\n<p>Damit wir uns gegenseitig kennenlernen, besuchen wir euch im Vorfeld. So k\u00f6nnen wir bereits vor Ort besprechen, wo und wie eine Vergesellschaftung m\u00f6glich ist. Gemeinsam entscheiden wir, welches Kaninchen am besten zu euch passt. Um euch bei der Vergesellschaftung zu unterst\u00fctzen, bringen wir unsere Kaninchen pers\u00f6nlich in ihr neues Zuhause.<\/p>\n\n\n\n<p><strong><strong>Ein kurzer Auszug unserer wichtigsten Vermittlungskriterien<\/strong>:<\/strong><\/p>\n\n\n\n<ul class=\"wp-block-list\">\n<li>Dauerhaft mind. 6 qm f\u00fcr 2 Zwergkaninchen (plus zus\u00e4tzlicher Freilauf)<\/li>\n\n\n\n<li>F\u00fctterung von frischem bl\u00e4ttrigen Gr\u00fcn<\/li>\n\n\n\n<li>Impfung gegen RHD 1, RHD 2 und Myxomatose<\/li>\n\n\n\n<li>Vergesellschaftung nur mit bekanntem identischen EC-Titer<\/li>\n<\/ul>\n\n\n\n<h2 class=\"wp-block-heading\">Zuhause gesucht<\/h2>\n\n\n\n<p>Diese Kaninchen suchen ein neues Zuhause bei einem netten Partnertier, einer Gruppe oder zusammen mit einem anderen unserer Pfleglinge.<\/p>\n\n\n\n<div class=\"wp-block-group is-nowrap is-layout-flex wp-container-core-group-is-layout-6c531013 wp-block-group-is-layout-flex\">\n<figure class=\"wp-block-image size-full\"><img loading=\"lazy\" decoding=\"async\" width=\"123\" height=\"167\" src=\"https:\/\/www.bayernrockt-kaninchenhilfe.de\/wordpress\/wp-content\/uploads\/2024\/02\/Maennchen.jpg\" alt=\"\" class=\"wp-image-246\"\/><\/figure>\n\n\n\n<div class=\"wp-block-buttons is-layout-flex wp-block-buttons-is-layout-flex\">\n<div class=\"wp-block-button\"><a class=\"wp-block-button__link wp-element-button\" href=\"https:\/\/www.bayernrockt-kaninchenhilfe.de\/wordpress\/vermittlungstiere\/\">Hier geht es zu den einzelnen Kaninchen<\/a><\/div>\n<\/div>\n<\/div>\n\n\n\n<p>Wir haben einige Kaninchen, die sich mit ihrem Partnertier so gut verstehen, dass wir sie auf keinen Fall trennen wollen. Sie werden nur zusammen vermittelt.<\/p>\n\n\n\n<div class=\"wp-block-group is-nowrap is-layout-flex wp-container-core-group-is-layout-6c531013 wp-block-group-is-layout-flex\">\n<div class=\"wp-block-buttons is-layout-flex wp-block-buttons-is-layout-flex\">\n<div class=\"wp-block-button\"><a class=\"wp-block-button__link wp-element-button\" href=\"https:\/\/www.bayernrockt-kaninchenhilfe.de\/wordpress\/paerchen\/\">Hier geht es zu unseren P\u00e4rchen<\/a><\/div>\n<\/div>\n\n\n\n<figure class=\"wp-block-image size-full\"><img loading=\"lazy\" decoding=\"async\" width=\"260\" height=\"131\" src=\"https:\/\/www.bayernrockt-kaninchenhilfe.de\/wordpress\/wp-content\/uploads\/2024\/02\/Paare.jpg\" alt=\"\" class=\"wp-image-247\"\/><\/figure>\n<\/div>\n\n\n\n<p>Wir leisten Vermittlungshilfe, wenn Besitzer ihre Haltung beenden m\u00f6chten. Diese Kaninchen leben noch bei ihren aktuellen Haltern, suchen aber ein neues Zuhause. Wir stellen den Kontakt zwischen euch und den bisherigen Besitzern her. Wenn gew\u00fcnscht, helfen wir euch bei der Vergesellschaftung.<\/p>\n\n\n\n<div class=\"wp-block-group is-nowrap is-layout-flex wp-container-core-group-is-layout-6c531013 wp-block-group-is-layout-flex\">\n<figure class=\"wp-block-image size-full is-resized\"><img loading=\"lazy\" decoding=\"async\" width=\"633\" height=\"640\" src=\"http:\/\/bayernrockt-kaninchenhilfe.de\/wordpress\/wp-content\/uploads\/2024\/03\/rabbit-2798808_641.png\" alt=\"\" class=\"wp-image-1530\" style=\"width:120px\" srcset=\"https:\/\/bayernrockt-kaninchenhilfe.de\/wordpress\/wp-content\/uploads\/2024\/03\/rabbit-2798808_641.png 633w, https:\/\/bayernrockt-kaninchenhilfe.de\/wordpress\/wp-content\/uploads\/2024\/03\/rabbit-2798808_641-297x300.png 297w\" sizes=\"auto, (max-width: 633px) 100vw, 633px\" \/><\/figure>\n\n\n\n<div class=\"wp-block-buttons is-layout-flex wp-block-buttons-is-layout-flex\">\n<div class=\"wp-block-button\"><a class=\"wp-block-button__link wp-element-button\" href=\"https:\/\/www.bayernrockt-kaninchenhilfe.de\/wordpress\/privatvermittlung\/\">Hier geht es zu den Privatvermittlungen<\/a><\/div>\n<\/div>\n<\/div>\n\n\n\n<h2 class=\"wp-block-heading\">Gnadentiere und Sorgenkinder<\/h2>\n\n\n\n<p>Unsere Gnadentiere ben\u00f6tigen eine sehr intensive Betreuung. Daher d\u00fcrfen sie bei unseren Pflegestellen bleiben. Sie sind entweder schon so alt, oder gesundheitlich so angeschlagen, dass wir ihnen keinen Umzug mehr zumuten m\u00f6chten.<\/p>\n\n\n\n<p>Unsere Sorgenkinder sind Kaninchen, die gesundheitliche Einschr\u00e4nkungen haben und regelm\u00e4\u00dfiger F\u00fcrsorge bed\u00fcrfen. Bei ausreichenden Kenntnissen der neuen Besitzer und dem richtigen Tierarzt, w\u00fcrden sie sich auf ein eigenes Zuhause sehr freuen.<\/p>\n\n\n\n<div class=\"wp-block-group is-nowrap is-layout-flex wp-container-core-group-is-layout-6c531013 wp-block-group-is-layout-flex\">\n<div class=\"wp-block-buttons is-layout-flex wp-block-buttons-is-layout-flex\">\n<div class=\"wp-block-button has-custom-font-size has-small-font-size\"><a class=\"wp-block-button__link wp-element-button\" href=\"https:\/\/www.bayernrockt-kaninchenhilfe.de\/wordpress\/gnadentiere\/\">Hier geht es zu unseren Gnadentieren und Sorgenkindern<\/a><\/div>\n<\/div>\n\n\n\n<figure class=\"wp-block-image size-full\"><img loading=\"lazy\" decoding=\"async\" width=\"148\" height=\"151\" src=\"https:\/\/www.bayernrockt-kaninchenhilfe.de\/wordpress\/wp-content\/uploads\/2024\/02\/Weibchen.jpg\" alt=\"\" class=\"wp-image-249\"\/><\/figure>\n<\/div>\n\n\n\n<h2 class=\"wp-block-heading\">Zuhause gefunden<\/h2>\n\n\n\n<p>Viele ehemaligen Vermittlungstiere haben ihr Gl\u00fcck in einem neuen Zuhause gefunden.<\/p>\n\n\n\n<div class=\"wp-block-group is-nowrap is-layout-flex wp-container-core-group-is-layout-6c531013 wp-block-group-is-layout-flex\">\n<div class=\"wp-block-buttons is-layout-flex wp-block-buttons-is-layout-flex\">\n<div class=\"wp-block-button\"><a class=\"wp-block-button__link wp-element-button\" href=\"https:\/\/www.bayernrockt-kaninchenhilfe.de\/wordpress\/zuhausegefunden\/\">Hier seht ihr die Gl\u00fccklichen<\/a><\/div>\n<\/div>\n\n\n\n<figure class=\"wp-block-image size-large is-resized\"><img loading=\"lazy\" decoding=\"async\" width=\"646\" height=\"1024\" src=\"https:\/\/www.bayernrockt-kaninchenhilfe.de\/wordpress\/wp-content\/uploads\/2024\/02\/easter-bunny-1324889_1280-646x1024.png\" alt=\"\" class=\"wp-image-250\" style=\"width:100px\" srcset=\"https:\/\/bayernrockt-kaninchenhilfe.de\/wordpress\/wp-content\/uploads\/2024\/02\/easter-bunny-1324889_1280-646x1024.png 646w, https:\/\/bayernrockt-kaninchenhilfe.de\/wordpress\/wp-content\/uploads\/2024\/02\/easter-bunny-1324889_1280-189x300.png 189w, https:\/\/bayernrockt-kaninchenhilfe.de\/wordpress\/wp-content\/uploads\/2024\/02\/easter-bunny-1324889_1280-768x1217.png 768w, https:\/\/bayernrockt-kaninchenhilfe.de\/wordpress\/wp-content\/uploads\/2024\/02\/easter-bunny-1324889_1280.png 808w\" sizes=\"auto, (max-width: 646px) 100vw, 646px\" \/><\/figure>\n<\/div>\n","protected":false},"excerpt":{"rendered":"<p>Hier findest du unsere Kaninchen, die ein neues Zuhause suchen. Sie sollen im neuen Zuhause m\u00f6glichst artgerecht gehalten werden. Wenn du deine Haltung verbessern m\u00f6chtest, helfen wir dir sehr gerne. Scheue dich daher nicht, uns zu kontaktieren, wenn du im Moment unsere&nbsp;Vermittlungskriterien&nbsp;noch nicht erf\u00fcllst. Jeder von uns lernt st\u00e4ndig dazu. Damit wir uns gegenseitig kennenlernen, [&hellip;]<\/p>\n","protected":false},"author":1,"featured_media":0,"parent":0,"menu_order":20,"comment_status":"closed","ping_status":"closed","template":"","meta":{"footnotes":""},"class_list":["post-245","page","type-page","status-publish","hentry"],"_links":{"self":[{"href":"https:\/\/bayernrockt-kaninchenhilfe.de\/wordpress\/wp-json\/wp\/v2\/pages\/245","targetHints":{"allow":["GET"]}}],"collection":[{"href":"https:\/\/bayernrockt-kaninchenhilfe.de\/wordpress\/wp-json\/wp\/v2\/pages"}],"about":[{"href":"https:\/\/bayernrockt-kaninchenhilfe.de\/wordpress\/wp-json\/wp\/v2\/types\/page"}],"author":[{"embeddable":true,"href":"https:\/\/bayernrockt-kaninchenhilfe.de\/wordpress\/wp-json\/wp\/v2\/users\/1"}],"replies":[{"embeddable":true,"href":"https:\/\/bayernrockt-kaninchenhilfe.de\/wordpress\/wp-json\/wp\/v2\/comments?post=245"}],"version-history":[{"count":6,"href":"https:\/\/bayernrockt-kaninchenhilfe.de\/wordpress\/wp-json\/wp\/v2\/pages\/245\/revisions"}],"predecessor-version":[{"id":1531,"href":"https:\/\/bayernrockt-kaninchenhilfe.de\/wordpress\/wp-json\/wp\/v2\/pages\/245\/revisions\/1531"}],"wp:attachment":[{"href":"https:\/\/bayernrockt-kaninchenhilfe.de\/wordpress\/wp-json\/wp\/v2\/media?parent=245"}],"curies":[{"name":"wp","href":"https:\/\/api.w.org\/{rel}","templated":true}]}}