{"id":6,"date":"2024-02-04T13:58:19","date_gmt":"2024-02-04T12:58:19","guid":{"rendered":"https:\/\/www.bayernrockt-kaninchenhilfe.de\/wordpress\/?page_id=6"},"modified":"2024-08-17T22:07:03","modified_gmt":"2024-08-17T20:07:03","slug":"kontakt","status":"publish","type":"page","link":"https:\/\/bayernrockt-kaninchenhilfe.de\/wordpress\/kontakt\/","title":{"rendered":"Der direkte Draht"},"content":{"rendered":"\n<div class=\"wp-block-cover is-light has-large-font-size wp-elements-0f29d8c7c9d011d590b41d1153d36436\" style=\"min-height:300px;aspect-ratio:unset;\"><span aria-hidden=\"true\" class=\"wp-block-cover__background has-background-dim-20 has-background-dim\"><\/span><img loading=\"lazy\" decoding=\"async\" width=\"1969\" height=\"787\" class=\"wp-block-cover__image-background wp-image-82\" alt=\"\" src=\"https:\/\/www.bayernrockt-kaninchenhilfe.de\/wordpress\/wp-content\/uploads\/2024\/02\/Hintergrund-scaled-e1707258835583.jpeg\" data-object-fit=\"cover\"\/><div class=\"wp-block-cover__inner-container has-global-padding is-layout-constrained wp-block-cover-is-layout-constrained\">\n<p class=\"has-text-align-center has-secondary-color has-text-color has-link-color wp-elements-514e05f8f9264ddb3d3761d61412386f\">Ehrenamtlich<\/p>\n\n\n\n<h1 class=\"wp-block-heading has-text-align-center has-large-font-size\">aktiv f\u00fcr Kaninchen<\/h1>\n<\/div><\/div>\n\n\n\n<p>Wir freuen uns immer \u00fcber eure Anfragen und euer Interesse an unserer Arbeit. Die Arbeit im Verein ist ein Ehrenamt, was hei\u00dft, wir sind auch berufst\u00e4tig, haben Familie und eigene Tiere. Unser Team vereint oft viele Aufgaben in einer Person. Bitte habt deshalb Verst\u00e4ndnis daf\u00fcr, dass die Beantwortung von Anfragen manchmal eine Weile dauern kann, im schlimmsten Fall auch mal vergessen wird. Unser kleines Team tut, was es kann. Dauert eine Antwort zu lange, fragt einfach nochmal nach.<\/p>\n\n\n\n<p>Wenn ihr uns wegen eines Kaninchens kontaktieren wollt, lest bitte zuerst unsere&nbsp;<a href=\"https:\/\/www.bayernrockt-kaninchenhilfe.de\/Vermittlungskriterien.pdf\" target=\"_blank\" rel=\"noreferrer noopener\"><strong>Vermittlungskriterien<\/strong><\/a>. <\/p>\n\n\n\n<p>In der Nachricht sollten folgende Informationen stehen:<\/p>\n\n\n\n<ul class=\"wp-block-list\">\n<li>Adresse<\/li>\n\n\n\n<li>Telefonnummer<\/li>\n\n\n\n<li>Informationen zum\/zu den Kaninchen:<br>&#8211; Geschlecht<br>&#8211; Kastrationsstatus<br>&#8211; EC-Status<br>&#8211; Impfstatus<br>&#8211; evtl. Vorerkrankungen<br>&#8211; Charakter<\/li>\n\n\n\n<li>Informationen zu eurer Haltung<\/li>\n\n\n\n<li>Fotos vom:<br>&#8211; Gehege\/Lebensraum des Kaninchens<br>&#8211; Kaninchen<br>&#8211; Impfpass<\/li>\n<\/ul>\n\n\n\n<p>Ihr k\u00f6nnt uns euer Anliegen \u00fcber unser <a href=\"https:\/\/www.bayernrockt-kaninchenhilfe.de\/wordpress\/kontaktformular\/\" data-type=\"page\" data-id=\"1174\">Kontaktformular<\/a> zukommen lassen. Ebenso k\u00f6nnt ihr uns per WhatsApp, Email oder telefonisch erreichen.<\/p>\n\n\n\n<figure class=\"wp-block-table aligncenter is-style-regular has-small-font-size\" style=\"margin-top:var(--wp--preset--spacing--40);margin-bottom:var(--wp--preset--spacing--40);padding-top:0;padding-right:0;padding-bottom:0;padding-left:0\"><table class=\"has-contrast-color has-text-color has-background has-link-color has-fixed-layout\" style=\"background:linear-gradient(354deg,rgb(255,245,203) 0%,rgb(182,227,212) 50%,rgb(51,167,181) 100%);border-width:1px\"><tbody><tr><td class=\"has-text-align-center\" data-align=\"center\">Helga Zettl<\/td><td class=\"has-text-align-center\" data-align=\"center\">Petra Thuringer<\/td><\/tr><tr><td class=\"has-text-align-center\" data-align=\"center\">0178-6632306<\/td><td class=\"has-text-align-center\" data-align=\"center\">0151-17699514<\/td><\/tr><tr valign=\"top\"><td class=\"has-text-align-center\" data-align=\"center\"><strong>zust\u00e4ndig f\u00fcr:<\/strong><br>allgemeine Beratung, Vermittlung, Vergesellschaftung<\/td><td class=\"has-text-align-center\" data-align=\"center\"><strong>zust\u00e4ndig f\u00fcr:<\/strong><br>Verwaltung, Vermittlung, Abgaben<br><br><\/td><\/tr><\/tbody><\/table><\/figure>\n\n\n\n<figure id=\"Postanschrift\" class=\"wp-block-table is-style-regular\"><table class=\"has-contrast-color has-text-color has-background has-link-color\" style=\"background:linear-gradient(161deg,rgb(255,245,203) 0%,rgb(182,227,212) 50%,rgb(51,167,181) 100%)\"><tbody><tr><td>Postanschrift:<br><strong>Bayern rockt Kaninchenhilfe e.V.<br>Lindenstrasse 19<br>85247 Schwabhausen<\/strong><\/td><td>Kontakt per E-Mail:&nbsp;<br><a href=\"mailto:mail@bayernrockt-kaninchenhilfe.de\" target=\"_blank\" rel=\"noreferrer noopener\">mail@bayernrockt-kaninchenhilfe.de<\/a><\/td><\/tr><\/tbody><\/table><\/figure>\n","protected":false},"excerpt":{"rendered":"<p>Wir freuen uns immer \u00fcber eure Anfragen und euer Interesse an unserer Arbeit. Die Arbeit im Verein ist ein Ehrenamt, was hei\u00dft, wir sind auch berufst\u00e4tig, haben Familie und eigene Tiere. Unser Team vereint oft viele Aufgaben in einer Person. Bitte habt deshalb Verst\u00e4ndnis daf\u00fcr, dass die Beantwortung von Anfragen manchmal eine Weile dauern kann, [&hellip;]<\/p>\n","protected":false},"author":1,"featured_media":0,"parent":0,"menu_order":90,"comment_status":"closed","ping_status":"closed","template":"","meta":{"footnotes":""},"class_list":["post-6","page","type-page","status-publish","hentry"],"_links":{"self":[{"href":"https:\/\/bayernrockt-kaninchenhilfe.de\/wordpress\/wp-json\/wp\/v2\/pages\/6","targetHints":{"allow":["GET"]}}],"collection":[{"href":"https:\/\/bayernrockt-kaninchenhilfe.de\/wordpress\/wp-json\/wp\/v2\/pages"}],"about":[{"href":"https:\/\/bayernrockt-kaninchenhilfe.de\/wordpress\/wp-json\/wp\/v2\/types\/page"}],"author":[{"embeddable":true,"href":"https:\/\/bayernrockt-kaninchenhilfe.de\/wordpress\/wp-json\/wp\/v2\/users\/1"}],"replies":[{"embeddable":true,"href":"https:\/\/bayernrockt-kaninchenhilfe.de\/wordpress\/wp-json\/wp\/v2\/comments?post=6"}],"version-history":[{"count":47,"href":"https:\/\/bayernrockt-kaninchenhilfe.de\/wordpress\/wp-json\/wp\/v2\/pages\/6\/revisions"}],"predecessor-version":[{"id":1935,"href":"https:\/\/bayernrockt-kaninchenhilfe.de\/wordpress\/wp-json\/wp\/v2\/pages\/6\/revisions\/1935"}],"wp:attachment":[{"href":"https:\/\/bayernrockt-kaninchenhilfe.de\/wordpress\/wp-json\/wp\/v2\/media?parent=6"}],"curies":[{"name":"wp","href":"https:\/\/api.w.org\/{rel}","templated":true}]}}