{"id":663,"date":"2024-02-12T06:27:21","date_gmt":"2024-02-12T05:27:21","guid":{"rendered":"https:\/\/www.bayernrockt-kaninchenhilfe.de\/wordpress\/?page_id=663"},"modified":"2025-08-09T18:18:33","modified_gmt":"2025-08-09T16:18:33","slug":"impfen","status":"publish","type":"page","link":"https:\/\/bayernrockt-kaninchenhilfe.de\/wordpress\/impfen\/","title":{"rendered":"Impfungen f\u00fcr Kaninchen"},"content":{"rendered":"\n<p>Impfschutz gegen RHD 1, RHD 2 und Myxomatose ist f\u00fcr Kaninchen lebenswichtig. Alle drei Seuchen sind hochansteckend und verlaufen in der Regel f\u00fcr ungeimpft Tiere t\u00f6dlich.<br><br>Folgende Impfstoffe werden aktuell h\u00e4ufig angewendet:<br><br><strong>Filavac VHD K C+V<\/strong><br>Schutz gegen RHD 1 und RHD 2<br>Impfung alle 6 Monate<br>Boosterung bei Erstimpfung bei Jungtieren unter 10 Wochen<br>Impfschutz nach ca. 7 Tagen<br><br><strong>ERAVAC<\/strong><br>Schutz gegen RHD 2<br>Impfung alle 6 Monate<br>Boosterung nach Erstimpfung<br>Impfschutz nach ca. 7 Tagen<\/p>\n\n\n\n<p><strong>RIKA-VACC Myxo sc<\/strong><br>Schutz gegen Myxomatose<br>Impfung alle 6 Monate<br>Boosterung nach Erstimpfung<br>Impfschutz ca. 5 Tage nach Grundimmunisierung<\/p>\n\n\n\n<p><strong>Nobivac Myxo RHD Plus<\/strong><br>Schutz gegen RHD1, RHD 2 und Myxomatose<br>Impfung alle 12 Monate (nicht fr\u00fcher machen lassen!)<br>Impfschutz nach 21 Tagen<br>ACHTUNG: nicht geeignet, wenn der Impfstatus unklar ist. Hat ein Kaninchen bereits Antik\u00f6rper gegen Myxomatose, aber keine Antik\u00f6rper gegen RHD 1 und\/oder 2, wird kein Schutz gegen RHD 1 und 2 aufgebaut.<\/p>\n\n\n\n<p>Hinweis:<br>Da es in Frankreich eine neue und aggressivere Variante des RHD 2-Virus gibt, empfehlen wir, wie viele Heimtierfach\u00e4rzte auch, eine halbj\u00e4hrliche Impfung:<br>Variante 1: je Filavac und Rika-Vacc Myxo im 6 monatigem Abstand<br>Variante 2: Nobivac Myxo RHD Plus, nach 6 Monaten Filavac, nach weiteren 6 Monate Nobivac Myxo RHD Plus usw.<br>Derzeit gibt es hierzu noch keine offizielle Information seitens des FLI.<\/p>\n\n\n<div class=\"printfriendly pf-button  pf-alignright\">\n                    <a href=\"#\" rel=\"nofollow\" onclick=\"window.print(); return false;\" title=\"Printer Friendly, PDF & Email\">\n                    <img decoding=\"async\" class=\"pf-button-img\" src=\"https:\/\/cdn.printfriendly.com\/buttons\/print-button.png\" alt=\"Print Friendly, PDF & Email\" style=\"width: 66px;height: 24px;\"  \/>\n                    <\/a>\n                <\/div>\n\n","protected":false},"excerpt":{"rendered":"<p>Impfschutz gegen RHD 1, RHD 2 und Myxomatose ist f\u00fcr Kaninchen lebenswichtig. Alle drei Seuchen sind hochansteckend und verlaufen in der Regel f\u00fcr ungeimpft Tiere t\u00f6dlich. Folgende Impfstoffe werden aktuell h\u00e4ufig angewendet: Filavac VHD K C+VSchutz gegen RHD 1 und RHD 2Impfung alle 6 MonateBoosterung bei Erstimpfung bei Jungtieren unter 10 WochenImpfschutz nach ca. 7 [&hellip;]<\/p>\n","protected":false},"author":1,"featured_media":0,"parent":0,"menu_order":70,"comment_status":"closed","ping_status":"closed","template":"","meta":{"footnotes":""},"class_list":["post-663","page","type-page","status-publish","hentry"],"_links":{"self":[{"href":"https:\/\/bayernrockt-kaninchenhilfe.de\/wordpress\/wp-json\/wp\/v2\/pages\/663","targetHints":{"allow":["GET"]}}],"collection":[{"href":"https:\/\/bayernrockt-kaninchenhilfe.de\/wordpress\/wp-json\/wp\/v2\/pages"}],"about":[{"href":"https:\/\/bayernrockt-kaninchenhilfe.de\/wordpress\/wp-json\/wp\/v2\/types\/page"}],"author":[{"embeddable":true,"href":"https:\/\/bayernrockt-kaninchenhilfe.de\/wordpress\/wp-json\/wp\/v2\/users\/1"}],"replies":[{"embeddable":true,"href":"https:\/\/bayernrockt-kaninchenhilfe.de\/wordpress\/wp-json\/wp\/v2\/comments?post=663"}],"version-history":[{"count":8,"href":"https:\/\/bayernrockt-kaninchenhilfe.de\/wordpress\/wp-json\/wp\/v2\/pages\/663\/revisions"}],"predecessor-version":[{"id":2744,"href":"https:\/\/bayernrockt-kaninchenhilfe.de\/wordpress\/wp-json\/wp\/v2\/pages\/663\/revisions\/2744"}],"wp:attachment":[{"href":"https:\/\/bayernrockt-kaninchenhilfe.de\/wordpress\/wp-json\/wp\/v2\/media?parent=663"}],"curies":[{"name":"wp","href":"https:\/\/api.w.org\/{rel}","templated":true}]}}