{"id":665,"date":"2024-02-12T06:30:24","date_gmt":"2024-02-12T05:30:24","guid":{"rendered":"https:\/\/www.bayernrockt-kaninchenhilfe.de\/wordpress\/?page_id=665"},"modified":"2024-03-16T13:01:02","modified_gmt":"2024-03-16T12:01:02","slug":"futter","status":"publish","type":"page","link":"https:\/\/bayernrockt-kaninchenhilfe.de\/wordpress\/futter\/","title":{"rendered":"F\u00fctterung"},"content":{"rendered":"\n<p>Hauskaninchen sind genau wie ihre wilden Artgenossen sogenannte \u201eFolivore\u201c, also Blattfresser.<br>Das hei\u00dft, sie sind Pflanzenfresser, die sich auf den Verzehr von Bl\u00e4ttern spezialisiert haben.<br>Deshalb sollte eine gesunde Ern\u00e4hrung zum \u00fcberwiegenden Gro\u00dfteil aus frischem, bl\u00e4ttrigen Gr\u00fcn bestehen.<br><br>In der warmen Jahreszeit k\u00f6nnen unsere Hauskaninchen praktisch genauso wie ihre wilden Verwandten ern\u00e4hrt werden \u2013 mit frisch gepfl\u00fcckter Wiese. Dies ist nicht nur die artgerechteste Ern\u00e4hrung, sondern auch die g\u00fcnstigste. Wichtig ist hierbei, dass man eine gro\u00dfe Auswahl verschiedener Gr\u00e4ser und Kr\u00e4uter anbietet. Zur Erg\u00e4nzung kann man gerne verschiedene Zweige geben. Sowohl die Bl\u00e4tter, als auch die Rinde k\u00f6nnen gefressen werden. Zu Beginn muss man sich mit den verschiedenen Pflanzen vertraut machen, damit nicht versehentlich Giftpflanzen verf\u00fcttert werden &#8211; Herbstzeitlose, Schierling, Eibe, Fingerhut, Aronstab sind beispielsweise t\u00f6dlich.<br><br>K\u00f6nnt ihr keine Wiese sammeln, entweder weil im Winter nichts mehr w\u00e4chst oder weil ihr keine geeigneten Sammelwiesen in der N\u00e4he habt, m\u00fcsst ihr versuchen, die nat\u00fcrliche Nahrung mit gekauftem Gem\u00fcse zu imitieren. Wichtig ist eine m\u00f6glichst vielf\u00e4ltige Variation an bl\u00e4ttrigem Gr\u00fcnfutter. Die Basis bilden hier Bittersalate (Endivien, Radicchio, Chicoree, Catalogna\/\u201cL\u00f6wenzahnsalat\u201c, Fris\u00e9e etc.). Diese werden mit Kr\u00e4utern und Gem\u00fcsegr\u00fcn (von Karotten, Radieschen, Mair\u00fcbchen, Sellerie etc.) erg\u00e4nzt. Auch bl\u00e4ttriger Kohl (muss langsam angef\u00fcttert werden, darf niemals gemeinsam mit Pellets gegeben werden!) und normale Salate (Eisbergsalat, Feldsalat, Eichblattsalat, Lollo Rosso etc.) sind geeignet. Es ist auf ein ausgewogenes Verh\u00e4ltnis zwischen Kalzium und Phosphor zu achten.<br><br>Das Gebiss von Kaninchen ist darauf ausgelegt, bl\u00e4ttriges Gr\u00fcn zu zerschneiden. Der Kiefer wird dazu nur nach rechts und links bewegt. Daher sollte nicht-bl\u00e4ttriges Gem\u00fcse (z.B. Blumenkohl, Fenchel) nur einen geringen Anteil an der Nahrung ausmachen. Das Zerbei\u00dfen von Gem\u00fcsest\u00fccken ist eine unnat\u00fcrliche Belastung f\u00fcr das Gebiss, da es nicht nur mit rechts-links-Bewegungen funktioniert. Der so auf die Zahnwurzeln ausge\u00fcbte Druck kann Zahnprobleme f\u00f6rdern und verursachen.<br>Deshalb sollte auch Wurzelgem\u00fcse (z.B. Karotten, Knollensellerie usw.) nur als seltenes Leckerli auf dem Speiseplan stehen. Je h\u00e4rter das Gem\u00fcse ist, das zerkaut wird, desto h\u00f6her der Druck, desto schlimmer der Effekt auf die Zahnwurzeln.<br>Zus\u00e4tzlich enth\u00e4lt Wurzelgem\u00fcse deutlich mehr St\u00e4rke und Zucker als Wiesenpflanzen. Dies ist wiederum schlecht f\u00fcr die Darmflora und kann so zu Matschkot und Durchfall f\u00fchren. Au\u00dferdem ist Wurzelgem\u00fcse dadurch auch deutlich energiereicher und f\u00f6rdert somit \u00dcbergewicht. Wurzelgem\u00fcse sollte also nur ausnahmsweise als Leckerli gegeben werden. Der Druck auf die Zahnwurzeln ist geringer, je d\u00fcnner das gefressene St\u00fcck ist. Daher ist es am besten f\u00fcr die Z\u00e4hne, wenn Wurzelgem\u00fcse mit dem Sparsch\u00e4ler zu Streifen geschnitten wird. Trotzdem sollte es nur ausnahmsweise in geringen Mengen verf\u00fcttert werden!<br><br>Obst enth\u00e4lt noch mehr Zucker, sollte also ebenfalls maximal als Leckerli in geringen Mengen gef\u00fcttert werden.<br><br>Kaninchen sollten \u201ead libitum\u201c gef\u00fcttert werden. Das hei\u00dft, es muss 24 Stunden am Tag frisches bl\u00e4ttriges Gr\u00fcn zur Verf\u00fcgung stehen. Die einzelne Portion ist ausreichend gro\u00df, wenn bis zur n\u00e4chsten F\u00fctterung noch etwas \u00fcbrig bleibt.<br><br>Auch frisches Wasser muss dauerhaft zug\u00e4nglich sein. Dieses wird am besten im Napf angeboten. Nippeltr\u00e4nken sind ungeeignet. Die Kopfhaltung, die zum Trinken eingenommen werden muss, ist unnat\u00fcrlich und unangenehm f\u00fcr das Kaninchen. Somit wird oftmals zu wenig getrunken.<br>Au\u00dferdem sind Nippeltr\u00e4nken unhygienisch, da sie nicht ordentlich gereinigt werden k\u00f6nnen.<br><br>Da Kaninchen Frischk\u00f6stler sind (oder habt ihr schon mal ein Wildkaninchen beim Heumachen gesehen ?!?), ist es so wichtig, dass den Hauptanteil der Nahrung Frischfutter ausmacht.<br>Getrocknete Kr\u00e4uter haben einen sehr hohen Calciumgehalt. Dies beg\u00fcnstigt in Kombination mit dem geringen Wassergehalt und dem speziellen Calciumstoffwechsel von Kaninchen die Entstehung von Blasengries, Blasensteinen, Nierensteinen. Kaninchen nehmen das komplette Calcium aus dem Futter auf und verstoffwechseln es. Auch sind getrocknete Kr\u00e4uter relativ energiereich, was wiederum zu Matschkot und \u00dcbergewicht f\u00fchren kann. Deshalb ist das ideale Heu kr\u00e4uterarm. Der Vorteil von Heu ist sein hoher Ballaststoffgehalt. Ballaststoffe sind gut f\u00fcr das Verdauungssystem. Wenn eine perfekte, naturnahe F\u00fctterung mit Gr\u00e4sern und Wiesenkr\u00e4utern gegeben ist, kann auf Heu verzichtet werden diese enth\u00e4lt n\u00e4mlich schon einen hohen Anteil an Ballaststoffen). Wenn dies nicht gegeben ist, ist kr\u00e4uterarmes Heu eine gute Erg\u00e4nzung zum bl\u00e4ttrigen Frischfutter. Zus\u00e4tzliche Trockenkr\u00e4uter sollten auch nur als Leckerli gegeben werden und sind f\u00fcr eine gesunde Ern\u00e4hrung nicht notwendig.<br><br>Handels\u00fcbliches Trockenfutter, Pellets, Knabberstangen, Drops etc. haben genauso wie trockenes Brot nichts auf dem Speiseplan eines Kaninchens verloren. All diese Dinge f\u00fchren zu Magen-Darm- und Zahnproblemen und sollten auch nicht als Leckerli gef\u00fcttert werden.<br><br>Getrocknetes Gem\u00fcse und Johannisbrot sollte ebenfalls niemals verf\u00fcttert werden. Zum einen sind sie sehr hart, was beim Kauen einen immensen Druck auf die Zahnwurzeln aus\u00fcbt und so Zahnprobleme verursacht. Zum anderen k\u00f6nnen sie zu Darmverschl\u00fcssen f\u00fchren.<br><br>Eine Futterumstellung sollte immer und grunds\u00e4tzlich langsam erfolgen. Abrupte \u00c4nderungen bringen das Gleichgewicht im Magen-Darm-Trakt durcheinander und f\u00fchren so zu Durchfall, Aufgasungen oder anderen Verdauungsproblemen. Auch wenn ein Kaninchen aktuell richtig schlecht ern\u00e4hrt wird, MUSS eine Umstellung nach und nach \u00fcber mehrere Wochen erfolgen um negative Auswirkungen auf den Verdauungstrakt zu vermeiden.<\/p>\n\n\n\n<p id=\"imp\">Eine Zusammenfassung der wichtigsten Informationen &#8211; auch zum Ausdrucken:<br><a href=\"https:\/\/www.bayernrockt-kaninchenhilfe.de\/Info_Futter_ABC_Fruehjahr_bis_Herbst.pdf\" target=\"_blank\" rel=\"noreferrer noopener\"><strong>Futter ABC Fr\u00fchjahr bis Herbst<\/strong><\/a><br><a href=\"https:\/\/www.bayernrockt-kaninchenhilfe.de\/Info_Futter_ABC_Winter.pdf\" target=\"_blank\" rel=\"noreferrer noopener\"><strong>Futter ABC Winter<\/strong><\/a><\/p>\n\n\n<div class=\"printfriendly pf-button  pf-alignright\">\n                    <a href=\"#\" rel=\"nofollow\" onclick=\"window.print(); return false;\" title=\"Printer Friendly, PDF & Email\">\n                    <img decoding=\"async\" class=\"pf-button-img\" src=\"https:\/\/cdn.printfriendly.com\/buttons\/print-button.png\" alt=\"Print Friendly, PDF & Email\" style=\"width: 66px;height: 24px;\"  \/>\n                    <\/a>\n                <\/div>\n","protected":false},"excerpt":{"rendered":"<p>Hauskaninchen sind genau wie ihre wilden Artgenossen sogenannte \u201eFolivore\u201c, also Blattfresser.Das hei\u00dft, sie sind Pflanzenfresser, die sich auf den Verzehr von Bl\u00e4ttern spezialisiert haben.Deshalb sollte eine gesunde Ern\u00e4hrung zum \u00fcberwiegenden Gro\u00dfteil aus frischem, bl\u00e4ttrigen Gr\u00fcn bestehen. In der warmen Jahreszeit k\u00f6nnen unsere Hauskaninchen praktisch genauso wie ihre wilden Verwandten ern\u00e4hrt werden \u2013 mit frisch gepfl\u00fcckter [&hellip;]<\/p>\n","protected":false},"author":1,"featured_media":0,"parent":0,"menu_order":75,"comment_status":"closed","ping_status":"closed","template":"","meta":{"footnotes":""},"class_list":["post-665","page","type-page","status-publish","hentry"],"_links":{"self":[{"href":"https:\/\/bayernrockt-kaninchenhilfe.de\/wordpress\/wp-json\/wp\/v2\/pages\/665","targetHints":{"allow":["GET"]}}],"collection":[{"href":"https:\/\/bayernrockt-kaninchenhilfe.de\/wordpress\/wp-json\/wp\/v2\/pages"}],"about":[{"href":"https:\/\/bayernrockt-kaninchenhilfe.de\/wordpress\/wp-json\/wp\/v2\/types\/page"}],"author":[{"embeddable":true,"href":"https:\/\/bayernrockt-kaninchenhilfe.de\/wordpress\/wp-json\/wp\/v2\/users\/1"}],"replies":[{"embeddable":true,"href":"https:\/\/bayernrockt-kaninchenhilfe.de\/wordpress\/wp-json\/wp\/v2\/comments?post=665"}],"version-history":[{"count":2,"href":"https:\/\/bayernrockt-kaninchenhilfe.de\/wordpress\/wp-json\/wp\/v2\/pages\/665\/revisions"}],"predecessor-version":[{"id":1405,"href":"https:\/\/bayernrockt-kaninchenhilfe.de\/wordpress\/wp-json\/wp\/v2\/pages\/665\/revisions\/1405"}],"wp:attachment":[{"href":"https:\/\/bayernrockt-kaninchenhilfe.de\/wordpress\/wp-json\/wp\/v2\/media?parent=665"}],"curies":[{"name":"wp","href":"https:\/\/api.w.org\/{rel}","templated":true}]}}