{"id":684,"date":"2024-02-12T09:05:55","date_gmt":"2024-02-12T08:05:55","guid":{"rendered":"https:\/\/www.bayernrockt-kaninchenhilfe.de\/wordpress\/?page_id=684"},"modified":"2026-04-01T21:38:32","modified_gmt":"2026-04-01T19:38:32","slug":"veranstaltungen","status":"publish","type":"page","link":"https:\/\/bayernrockt-kaninchenhilfe.de\/wordpress\/veranstaltungen\/","title":{"rendered":"Veranstaltungen"},"content":{"rendered":"\n<hr class=\"wp-block-separator has-text-color has-primary-color has-alpha-channel-opacity has-primary-background-color has-background is-style-wide\"\/>\n\n\n\n<h2 class=\"gb-headline gb-headline-8a751130 gb-headline-text\"><strong>Feste im Tierheim Osterm\u00fcnchen<\/strong><\/h2>\n\n\n\n<figure class=\"wp-block-image aligncenter size-medium\"><img loading=\"lazy\" decoding=\"async\" width=\"300\" height=\"225\" src=\"https:\/\/bayernrockt-kaninchenhilfe.de\/wordpress\/wp-content\/uploads\/2024\/02\/WhatsApp-Bild-2023-06-18-um-10.32.40-300x225.jpg\" alt=\"\" class=\"wp-image-689\" srcset=\"https:\/\/bayernrockt-kaninchenhilfe.de\/wordpress\/wp-content\/uploads\/2024\/02\/WhatsApp-Bild-2023-06-18-um-10.32.40-300x225.jpg 300w, https:\/\/bayernrockt-kaninchenhilfe.de\/wordpress\/wp-content\/uploads\/2024\/02\/WhatsApp-Bild-2023-06-18-um-10.32.40-1024x768.jpg 1024w, https:\/\/bayernrockt-kaninchenhilfe.de\/wordpress\/wp-content\/uploads\/2024\/02\/WhatsApp-Bild-2023-06-18-um-10.32.40-768x576.jpg 768w, https:\/\/bayernrockt-kaninchenhilfe.de\/wordpress\/wp-content\/uploads\/2024\/02\/WhatsApp-Bild-2023-06-18-um-10.32.40-1536x1152.jpg 1536w, https:\/\/bayernrockt-kaninchenhilfe.de\/wordpress\/wp-content\/uploads\/2024\/02\/WhatsApp-Bild-2023-06-18-um-10.32.40.jpg 2000w\" sizes=\"auto, (max-width: 300px) 100vw, 300px\" \/><\/figure>\n\n\n\n<p>Wir sind auch&nbsp;<strong>2026<\/strong>&nbsp;wieder bei mehreren Veranstaltungen mit einem Stand im&nbsp;<strong>Tierheim Osterm\u00fcnchen<\/strong>&nbsp;vertreten!<\/p>\n\n\n\n<figure class=\"wp-block-table has-medium-font-size\"><table><tbody><tr><td>Tag der offenen T\u00fcr<\/td><td>17. Mai<\/td><td>13:00 &#8211; 16:00<\/td><\/tr><tr><td>Sommerfest<\/td><td>18. Juli<\/td><td>13:00 &#8211; 20:00<\/td><\/tr><tr><td>Tag der offenen T\u00fcr<\/td><td>20. September<\/td><td>13:00 &#8211; 16:00<\/td><\/tr><tr><td>Adventmarkt<\/td><td>15. November<\/td><td>13:00 \u2013 16:00<\/td><\/tr><\/tbody><\/table><\/figure>\n\n\n\n<div class=\"wp-block-group is-content-justification-center is-nowrap is-layout-flex wp-container-core-group-is-layout-23441af8 wp-block-group-is-layout-flex\">\n<p>Tierheim Osterm\u00fcnchen<br>Oberrainer Feld 20<br>83104 Tuntenhausen<\/p>\n\n\n\n<hr class=\"wp-block-separator has-text-color has-primary-color has-alpha-channel-opacity has-primary-background-color has-background is-style-wide\"\/>\n<\/div>\n\n\n\n<hr class=\"wp-block-separator has-text-color has-primary-color has-alpha-channel-opacity has-primary-background-color has-background is-style-wide\"\/>\n\n\n\n<h2 class=\"gb-headline gb-headline-d8b9fb96 gb-headline-text\"><strong>Sommerfest im Tierheim LechArche<\/strong><\/h2>\n\n\n\n<p class=\"has-text-align-center\">Wir bedanken uns sehr beim Tierschutzverein Augsburg, dass wir hier wieder mit einem Infostand teilnehmen d\u00fcrfen.<\/p>\n\n\n\n<p class=\"has-text-align-center\">Am <strong>07.06.2026<\/strong> von 11 bis 16 Uhr.<br>Neue Bergstra\u00dfe 101<br>86316 Friedberg<\/p>\n\n\n\n<hr class=\"wp-block-separator has-text-color has-primary-color has-alpha-channel-opacity has-primary-background-color has-background is-style-wide\"\/>\n\n\n\n<h2 class=\"gb-headline gb-headline-353432a2 gb-headline-text\"><strong>Sommerfest im Tierheim M\u00fcnchen<\/strong><\/h2>\n\n\n\n<p class=\"has-text-align-center\">Brukenthalstr. 6, 81829 M\u00fcnchen<\/p>\n\n\n\n<p class=\"has-text-align-center has-large-font-size\"><em>Wir freuen uns!<\/em><\/p>\n\n\n\n<p class=\"has-text-align-center\">Am Samstag, den <strong>25. Juli 2026. <\/strong>Von <strong>11:00 <\/strong>bis <strong>16:00 <\/strong>Uhr, und wir sind mit einem Infostand dabei <strong>!<\/strong><\/p>\n\n\n\n<p class=\"has-text-align-center\">Mehr Info <a href=\"https:\/\/tierschutzverein-muenchen.de\/ueber-uns\/aktuelles\/veranstaltungen\/sommerfest-im-tierheim-2023\" target=\"_blank\" rel=\"noreferrer noopener\">Hier!<\/a><\/p>\n\n\n\n<hr class=\"wp-block-separator has-text-color has-primary-color has-alpha-channel-opacity has-primary-background-color has-background is-style-wide\"\/>\n\n\n\n<p><\/p>\n","protected":false},"excerpt":{"rendered":"<p>Feste im Tierheim Osterm\u00fcnchen Wir sind auch&nbsp;2026&nbsp;wieder bei mehreren Veranstaltungen mit einem Stand im&nbsp;Tierheim Osterm\u00fcnchen&nbsp;vertreten! Tag der offenen T\u00fcr 17. Mai 13:00 &#8211; 16:00 Sommerfest 18. Juli 13:00 &#8211; 20:00 Tag der offenen T\u00fcr 20. September 13:00 &#8211; 16:00 Adventmarkt 15. November 13:00 \u2013 16:00 Tierheim Osterm\u00fcnchenOberrainer Feld 2083104 Tuntenhausen Sommerfest im Tierheim LechArche Wir [&hellip;]<\/p>\n","protected":false},"author":1,"featured_media":0,"parent":0,"menu_order":15,"comment_status":"closed","ping_status":"closed","template":"","meta":{"footnotes":""},"class_list":["post-684","page","type-page","status-publish","hentry"],"_links":{"self":[{"href":"https:\/\/bayernrockt-kaninchenhilfe.de\/wordpress\/wp-json\/wp\/v2\/pages\/684","targetHints":{"allow":["GET"]}}],"collection":[{"href":"https:\/\/bayernrockt-kaninchenhilfe.de\/wordpress\/wp-json\/wp\/v2\/pages"}],"about":[{"href":"https:\/\/bayernrockt-kaninchenhilfe.de\/wordpress\/wp-json\/wp\/v2\/types\/page"}],"author":[{"embeddable":true,"href":"https:\/\/bayernrockt-kaninchenhilfe.de\/wordpress\/wp-json\/wp\/v2\/users\/1"}],"replies":[{"embeddable":true,"href":"https:\/\/bayernrockt-kaninchenhilfe.de\/wordpress\/wp-json\/wp\/v2\/comments?post=684"}],"version-history":[{"count":76,"href":"https:\/\/bayernrockt-kaninchenhilfe.de\/wordpress\/wp-json\/wp\/v2\/pages\/684\/revisions"}],"predecessor-version":[{"id":3284,"href":"https:\/\/bayernrockt-kaninchenhilfe.de\/wordpress\/wp-json\/wp\/v2\/pages\/684\/revisions\/3284"}],"wp:attachment":[{"href":"https:\/\/bayernrockt-kaninchenhilfe.de\/wordpress\/wp-json\/wp\/v2\/media?parent=684"}],"curies":[{"name":"wp","href":"https:\/\/api.w.org\/{rel}","templated":true}]}}