{"id":697,"date":"2024-02-12T09:51:20","date_gmt":"2024-02-12T08:51:20","guid":{"rendered":"https:\/\/www.bayernrockt-kaninchenhilfe.de\/wordpress\/?page_id=697"},"modified":"2026-03-02T11:17:45","modified_gmt":"2026-03-02T10:17:45","slug":"mediathek","status":"publish","type":"page","link":"https:\/\/bayernrockt-kaninchenhilfe.de\/wordpress\/mediathek\/","title":{"rendered":"Mediathek"},"content":{"rendered":"\n<p>Hier findest du einen \u00dcberblick \u00fcber Fernsehbeitr\u00e4ge und Zeitungsartikel, die unsere Arbeit vorstellen.<\/p>\n\n\n\n<p>Wenn du auf die Bilder klickst, kommst du zum jeweiligen Bericht.<\/p>\n\n\n\n<hr class=\"wp-block-separator has-text-color has-primary-color has-alpha-channel-opacity has-primary-background-color has-background is-style-wide\"\/>\n\n\n\n<div class=\"wp-block-media-text has-media-on-the-right is-stacked-on-mobile\"><div class=\"wp-block-media-text__content\">\n<p>Wir durften bei BKKE e.V. ein Interview geben. Ein Zusammenschnitt wurde am 06.06.2024 bei Radio Lora, Frequenz 92.4 ausgestrahlt.<\/p>\n\n\n\n<p><a href=\"https:\/\/www.bayernrockt-kaninchenhilfe.de\/Aktuelles\/Interview_Lola.wav\" data-type=\"page\" data-id=\"697\" target=\"_blank\" rel=\"noreferrer noopener nofollow\">Hier<\/a> k\u00f6nnt ihr es euch anh\u00f6ren.<\/p>\n<\/div><figure class=\"wp-block-media-text__media\"><img loading=\"lazy\" decoding=\"async\" width=\"800\" height=\"800\" src=\"http:\/\/bayernrockt-kaninchenhilfe.de\/wordpress\/wp-content\/uploads\/2024\/06\/RadioPost-3-800x800.png\" alt=\"\" class=\"wp-image-1796 size-full\" srcset=\"https:\/\/bayernrockt-kaninchenhilfe.de\/wordpress\/wp-content\/uploads\/2024\/06\/RadioPost-3-800x800.png 800w, https:\/\/bayernrockt-kaninchenhilfe.de\/wordpress\/wp-content\/uploads\/2024\/06\/RadioPost-3-300x300.png 300w, https:\/\/bayernrockt-kaninchenhilfe.de\/wordpress\/wp-content\/uploads\/2024\/06\/RadioPost-3-150x150.png 150w, https:\/\/bayernrockt-kaninchenhilfe.de\/wordpress\/wp-content\/uploads\/2024\/06\/RadioPost-3-768x768.png 768w, https:\/\/bayernrockt-kaninchenhilfe.de\/wordpress\/wp-content\/uploads\/2024\/06\/RadioPost-3.png 1080w\" sizes=\"auto, (max-width: 800px) 100vw, 800px\" \/><\/figure><\/div>\n\n\n\n<hr class=\"wp-block-separator has-text-color has-primary-color has-alpha-channel-opacity has-primary-background-color has-background is-style-wide\"\/>\n\n\n\n<div class=\"wp-block-media-text is-stacked-on-mobile\"><figure class=\"wp-block-media-text__media\"><img loading=\"lazy\" decoding=\"async\" width=\"696\" height=\"391\" src=\"https:\/\/www.bayernrockt-kaninchenhilfe.de\/wordpress\/wp-content\/uploads\/2024\/02\/BR_WiB.jpg\" alt=\"\" class=\"wp-image-698 size-full\" srcset=\"https:\/\/bayernrockt-kaninchenhilfe.de\/wordpress\/wp-content\/uploads\/2024\/02\/BR_WiB.jpg 696w, https:\/\/bayernrockt-kaninchenhilfe.de\/wordpress\/wp-content\/uploads\/2024\/02\/BR_WiB-300x169.jpg 300w\" sizes=\"auto, (max-width: 696px) 100vw, 696px\" \/><\/figure><div class=\"wp-block-media-text__content\">\n<p>Am&nbsp;<strong>21. April 2023<\/strong><br>durften wir uns in der Sendung&nbsp;<strong>Wir in Bayern<\/strong>&nbsp;des Bayerischen Fernsehens vorstellen.<\/p>\n\n\n\n<p>Leider ist der Beitrag nicht mehr in der Mediathek dort verf\u00fcgbar.<\/p>\n<\/div><\/div>\n\n\n\n<hr class=\"wp-block-separator has-text-color has-primary-color has-alpha-channel-opacity has-primary-background-color has-background is-style-wide\"\/>\n\n\n\n<div class=\"wp-block-cover\" style=\"min-height:245px;aspect-ratio:unset;\"><img loading=\"lazy\" decoding=\"async\" width=\"429\" height=\"200\" class=\"wp-block-cover__image-background wp-image-1223\" alt=\"\" src=\"https:\/\/www.bayernrockt-kaninchenhilfe.de\/wordpress\/wp-content\/uploads\/2024\/03\/TierschutzpreisRehau2022-e1710024377642.jpg\" data-object-fit=\"cover\"\/><span aria-hidden=\"true\" class=\"wp-block-cover__background has-background-dim\"><\/span><div class=\"wp-block-cover__inner-container has-global-padding is-layout-constrained wp-block-cover-is-layout-constrained\">\n<p class=\"has-large-font-size\">Am 12.10.2022 wurde dem Verein im Rahmen einer festlichen Veranstaltung der Tierschutzpreis der Stadt Rehau verliehen.<\/p>\n\n\n\n<p class=\"has-medium-font-size\">F\u00fcr mehr Informationen bitte <a href=\"https:\/\/www.bayernrockt-kaninchenhilfe.de\/Tierschutzpreis2022.pdf\">hier<\/a> klicken<\/p>\n<\/div><\/div>\n\n\n\n<hr class=\"wp-block-separator has-text-color has-primary-color has-alpha-channel-opacity has-primary-background-color has-background is-style-wide\"\/>\n\n\n\n<div class=\"wp-block-media-text is-stacked-on-mobile\"><figure class=\"wp-block-media-text__media\"><a href=\"https:\/\/www.sueddeutsche.de\/muenchen\/dachau\/schwabhausen-kaninchen-ostern-bayern-1.5566492\"><img loading=\"lazy\" decoding=\"async\" width=\"223\" height=\"200\" src=\"https:\/\/www.bayernrockt-kaninchenhilfe.de\/wordpress\/wp-content\/uploads\/2024\/03\/Zeitungsbericht.jpg\" alt=\"\" class=\"wp-image-1260 size-full\"\/><\/a><\/figure><div class=\"wp-block-media-text__content\">\n<p>Am <strong>15.04.2022<\/strong> erschien in der <strong>S\u00fcddeutschen Zeitung<\/strong> ein Artikel \u00fcber uns.<\/p>\n<\/div><\/div>\n\n\n\n<hr class=\"wp-block-separator has-text-color has-primary-color has-alpha-channel-opacity has-primary-background-color has-background is-style-wide\"\/>\n\n\n\n<figure class=\"wp-block-table has-medium-font-size\"><table style=\"border-style:none;border-width:0px\"><tbody><tr><td>Am&nbsp;<strong>26. April 2021<\/strong><br>brachte&nbsp;<strong>m\u00fcnchen.tv<\/strong>&nbsp;einen Bericht \u00fcber uns.<\/td><td><a href=\"https:\/\/www.muenchen.tv\/tierisch-muenchen-acht-auf-einen-streich-kaninchen-mama-babuschka-und-ihre-kleinen-wuenschen-sich-ein-neues-zuhause-389224\/\" target=\"_blank\" rel=\"noreferrer noopener\"><img loading=\"lazy\" decoding=\"async\" width=\"120\" height=\"186\" class=\"wp-image-701\" style=\"width: 120px;\" src=\"https:\/\/www.bayernrockt-kaninchenhilfe.de\/wordpress\/wp-content\/uploads\/2024\/02\/MchTV.jpg\" alt=\"\"><\/a><\/td><\/tr><\/tbody><\/table><\/figure>\n","protected":false},"excerpt":{"rendered":"<p>Hier findest du einen \u00dcberblick \u00fcber Fernsehbeitr\u00e4ge und Zeitungsartikel, die unsere Arbeit vorstellen. Wenn du auf die Bilder klickst, kommst du zum jeweiligen Bericht. Wir durften bei BKKE e.V. ein Interview geben. Ein Zusammenschnitt wurde am 06.06.2024 bei Radio Lora, Frequenz 92.4 ausgestrahlt. Hier k\u00f6nnt ihr es euch anh\u00f6ren. Am&nbsp;21. April 2023durften wir uns in [&hellip;]<\/p>\n","protected":false},"author":1,"featured_media":0,"parent":0,"menu_order":17,"comment_status":"closed","ping_status":"closed","template":"","meta":{"footnotes":""},"class_list":["post-697","page","type-page","status-publish","hentry"],"_links":{"self":[{"href":"https:\/\/bayernrockt-kaninchenhilfe.de\/wordpress\/wp-json\/wp\/v2\/pages\/697","targetHints":{"allow":["GET"]}}],"collection":[{"href":"https:\/\/bayernrockt-kaninchenhilfe.de\/wordpress\/wp-json\/wp\/v2\/pages"}],"about":[{"href":"https:\/\/bayernrockt-kaninchenhilfe.de\/wordpress\/wp-json\/wp\/v2\/types\/page"}],"author":[{"embeddable":true,"href":"https:\/\/bayernrockt-kaninchenhilfe.de\/wordpress\/wp-json\/wp\/v2\/users\/1"}],"replies":[{"embeddable":true,"href":"https:\/\/bayernrockt-kaninchenhilfe.de\/wordpress\/wp-json\/wp\/v2\/comments?post=697"}],"version-history":[{"count":19,"href":"https:\/\/bayernrockt-kaninchenhilfe.de\/wordpress\/wp-json\/wp\/v2\/pages\/697\/revisions"}],"predecessor-version":[{"id":3204,"href":"https:\/\/bayernrockt-kaninchenhilfe.de\/wordpress\/wp-json\/wp\/v2\/pages\/697\/revisions\/3204"}],"wp:attachment":[{"href":"https:\/\/bayernrockt-kaninchenhilfe.de\/wordpress\/wp-json\/wp\/v2\/media?parent=697"}],"curies":[{"name":"wp","href":"https:\/\/api.w.org\/{rel}","templated":true}]}}