{"id":754,"date":"2024-02-12T18:46:06","date_gmt":"2024-02-12T17:46:06","guid":{"rendered":"https:\/\/www.bayernrockt-kaninchenhilfe.de\/wordpress\/?page_id=754"},"modified":"2025-07-02T22:58:03","modified_gmt":"2025-07-02T20:58:03","slug":"helfen","status":"publish","type":"page","link":"https:\/\/bayernrockt-kaninchenhilfe.de\/wordpress\/helfen\/","title":{"rendered":"So k\u00f6nnt ihr helfen:"},"content":{"rendered":"\n<p>Wir freuen uns riesig, wenn ihr ein paar Euro f\u00fcr unsere Pfleglinge \u00fcbrig habt. Wir setzen praktisch alle eure Spenden ein, um unsere Tierarztkosten zu decken. Ansonsten haben wir nur minimale Kosten z.B. f\u00fcr Kontof\u00fchrung und Homepage. Die Kosten f\u00fcr Futter, Einstreu etc. tragen unsere Pflegestellen selbst.<\/p>\n\n\n\n<p>So hatten wir beispielsweise im Jahr 2022 rund 33.000 \u20ac Tierarztkosten, Durch die Erh\u00f6hung der Geb\u00fchrenordnung f\u00fcr Tier\u00e4rzte im November 2022 sind die Kosten inzwischen enorm gestiegen. Deshalb brauchen wir mehr denn je eure Hilfe.<\/p>\n\n\n\n<p>Mit euren Spenden finanzieren wir unter anderem regelm\u00e4\u00dfige Routineuntersuchungen, Impfungen, Kastrationen, Zahnkorrekturen, Schnupfenbehandlungen, diverse Operationen\u2026 <\/p>\n\n\n\n<figure class=\"wp-block-table aligncenter is-style-regular\" style=\"margin-top:0;margin-right:0;margin-bottom:0;margin-left:0;padding-top:var(--wp--preset--spacing--30);padding-right:0;padding-bottom:0;padding-left:0\"><table class=\"has-pale-ocean-gradient-background has-background\" style=\"border-width:3px\"><tbody><tr><td><strong>Spendenkonto:<\/strong><br>IBAN: DE26 7436 2663 0000 5533 52<br>BIC: GENODEF1ERG<br><br>Oder spendet \u00fcber&nbsp;<a href=\"https:\/\/www.paypal.me\/BayernrocktKaninchen\" target=\"_blank\" rel=\"noreferrer noopener\"><strong>Paypal<\/strong><\/a><\/td><\/tr><\/tbody><\/table><\/figure>\n\n\n\n<p>Auf folgenden weiteren Wegen kannst du uns helfen:<\/p>\n\n\n\n<p>Du kannst eine Patenschaft f\u00fcr eines unserer Kaninchen \u00fcbernehmen. <a href=\"https:\/\/www.bayernrockt-kaninchenhilfe.de\/wordpress\/patenschaft\/\" data-type=\"page\" data-id=\"1062\">Hier<\/a> findest du weitere Infos dazu.<\/p>\n\n\n\n<p>Oder unterst\u00fctze uns mit einer <a href=\"https:\/\/bayernrockt-kaninchenhilfe.de\/wordpress\/impf-patenschaft\/\" data-type=\"page\" data-id=\"1844\">Impf-Patenschaft<\/a>. Damit finanzierst du einem von dir ausgew\u00e4hlten Kaninchen die n\u00f6tige halbj\u00e4hrliche Impfung. <\/p>\n\n\n\n<p>M\u00f6chtest du dich nicht l\u00e4ngerfristig verpflichten, hilft uns eine einmalige Kastrationspatenschaft. Hier findest du den <a href=\"https:\/\/www.bayernrockt-kaninchenhilfe.de\/Kastrapatenschaft.pdf\" target=\"_blank\" rel=\"noreferrer noopener\">Kastrations-Patenschaftsantrag<\/a> als PDF.&nbsp;Diesen kannst du herunterladen, ausf\u00fcllen und an uns senden.<\/p>\n\n\n\n<p>Oder werde Mitglied und unterst\u00fctze unsere Arbeit j\u00e4hrlich mit mindestens 20 Euro oder mehr, wenn du willst. Das geht <a href=\"https:\/\/www.bayernrockt-kaninchenhilfe.de\/wordpress\/mitgliedsantrag\/\" data-type=\"page\" data-id=\"1074\">hier<\/a>.<\/p>\n\n\n<table>\n<tbody>\n<tr>\n<td><iframe loading=\"lazy\" id=\"Gooding Banner-Widget\" title=\"Gooding Banner-Widget\" src=\"https:\/\/erweiterungen.gooding.de\/app\/widget\/bayern-rockt-kaninchenhilfe-e-v-83104\/high-banner\/tab\/0\/donations\/1\/v\/1561827754.EcklF7sMZFDSorEyVihCtL7XFDQbcYYKwzBT7j9%252BSt1AVQ%252Bq5dOzj1mOfiW910wOqs4RsjrSa3Nkuatl5gtQXQF6bgHVmU92gxJfc0C4jWfR%252Fq36NO73xd%252BhtMEjqkYu\" name=\"Gooding Banner-Widget\" width=\"468\" height=\"175\" frameborder=\"0\" scrolling=\"yes\"><br \/>\n <\/iframe><\/td>\n<\/tr>\n<\/tbody>\n<\/table>\n<p><!--table style=\"height: 178px;\" width=\"722\" align=\"center\"--><\/p>\n<table>\n<tbody>\n<tr>\n<td>\n<p><a title=\"Jetzt spenden f\u00fcr \u201eBayern rockt Kaninchenhilfe e.V. - Kaninchen, kein Tier 2. Klasse\u201c auf betterplace.org!\" href=\"https:\/\/www.betterplace.org\/de\/projects\/112764-bayern-rockt-kaninchenhilfe-e-v-kaninchen-kein-tier-2-klasse?utm_campaign=donate_btn&amp;utm_content=project%23112764&amp;utm_medium=external_banner&amp;utm_source=projects\" target=\"_blank\" rel=\"noopener\"><img loading=\"lazy\" decoding=\"async\" class=\"alignleft\" style=\"border: 0px;\" src=\"https:\/\/betterplace-assets.betterplace.org\/static-images\/projects\/donation-button-de.png\" alt=\"Jetzt Spenden! Das Spendenformular wird von betterplace.org bereit gestellt.\" width=\"195\" height=\"122\" \/><\/a><\/p>\n<\/td>\n<td>\n<p style=\"text-align: center;\">Auch \u00fcber Betterplace k\u00f6nnt ihr uns Spenden zukommen lassen.<\/p>\n<\/td>\n<\/tr>\n<\/tbody>\n<\/table>\n\n\n<p>Betterplace stellt euch automatisch eine Spendenquittung aus.<\/p>\n\n\n\n<figure class=\"wp-block-table\"><table class=\"has-fixed-layout\" style=\"border-style:none;border-width:0px\"><tbody><tr><td class=\"has-text-align-center\" data-align=\"center\"><a href=\"https:\/\/amzn.eu\/7KewKho\"><img loading=\"lazy\" decoding=\"async\" width=\"200\" height=\"98\" class=\"wp-image-760\" style=\"width: 200px;\" src=\"https:\/\/www.bayernrockt-kaninchenhilfe.de\/wordpress\/wp-content\/uploads\/2024\/02\/Amazon.png\" alt=\"\" srcset=\"https:\/\/bayernrockt-kaninchenhilfe.de\/wordpress\/wp-content\/uploads\/2024\/02\/Amazon.png 848w, https:\/\/bayernrockt-kaninchenhilfe.de\/wordpress\/wp-content\/uploads\/2024\/02\/Amazon-300x146.png 300w, https:\/\/bayernrockt-kaninchenhilfe.de\/wordpress\/wp-content\/uploads\/2024\/02\/Amazon-768x375.png 768w\" sizes=\"auto, (max-width: 200px) 100vw, 200px\" \/><\/a><\/td><td>\u00dcber die Amazon Wishlist k\u00f6nnt ihr uns Sachspenden zukommen lassen. Unsere Pflegestellen und Kaninchen freuen sich sehr dar\u00fcber.<\/td><\/tr><\/tbody><\/table><\/figure>\n\n\n\n<p class=\"has-medium-font-size\">Bei\u00a0<strong>Gr\u00fcnhopper<\/strong> k\u00f6nnt ihr \u00fcber die Hopplerhilfe Futter an den Verein spenden.<br>Einfach unter\u00a0<strong><a href=\"https:\/\/www.gruenhopper-kaninchenfutter.de\/Spendenaktion\">Gr\u00fcnhopper\/Hopplerhilfe<\/a><\/strong>\u00a0Bayern rockt Kaninchenhilfe e.V. ausw\u00e4hlen.<\/p>\n\n\n\n<h3 class=\"wp-block-heading has-text-align-center\">Herzlichen Dank!<\/h3>\n\n\n\n<p><\/p>\n","protected":false},"excerpt":{"rendered":"<p>Wir freuen uns riesig, wenn ihr ein paar Euro f\u00fcr unsere Pfleglinge \u00fcbrig habt. Wir setzen praktisch alle eure Spenden ein, um unsere Tierarztkosten zu decken. Ansonsten haben wir nur minimale Kosten z.B. f\u00fcr Kontof\u00fchrung und Homepage. Die Kosten f\u00fcr Futter, Einstreu etc. tragen unsere Pflegestellen selbst. So hatten wir beispielsweise im Jahr 2022 rund [&hellip;]<\/p>\n","protected":false},"author":1,"featured_media":0,"parent":0,"menu_order":80,"comment_status":"closed","ping_status":"closed","template":"","meta":{"footnotes":""},"class_list":["post-754","page","type-page","status-publish","hentry"],"_links":{"self":[{"href":"https:\/\/bayernrockt-kaninchenhilfe.de\/wordpress\/wp-json\/wp\/v2\/pages\/754","targetHints":{"allow":["GET"]}}],"collection":[{"href":"https:\/\/bayernrockt-kaninchenhilfe.de\/wordpress\/wp-json\/wp\/v2\/pages"}],"about":[{"href":"https:\/\/bayernrockt-kaninchenhilfe.de\/wordpress\/wp-json\/wp\/v2\/types\/page"}],"author":[{"embeddable":true,"href":"https:\/\/bayernrockt-kaninchenhilfe.de\/wordpress\/wp-json\/wp\/v2\/users\/1"}],"replies":[{"embeddable":true,"href":"https:\/\/bayernrockt-kaninchenhilfe.de\/wordpress\/wp-json\/wp\/v2\/comments?post=754"}],"version-history":[{"count":27,"href":"https:\/\/bayernrockt-kaninchenhilfe.de\/wordpress\/wp-json\/wp\/v2\/pages\/754\/revisions"}],"predecessor-version":[{"id":2611,"href":"https:\/\/bayernrockt-kaninchenhilfe.de\/wordpress\/wp-json\/wp\/v2\/pages\/754\/revisions\/2611"}],"wp:attachment":[{"href":"https:\/\/bayernrockt-kaninchenhilfe.de\/wordpress\/wp-json\/wp\/v2\/media?parent=754"}],"curies":[{"name":"wp","href":"https:\/\/api.w.org\/{rel}","templated":true}]}}